{"id":4182,"date":"2024-10-01T16:11:19","date_gmt":"2024-10-01T14:11:19","guid":{"rendered":"https:\/\/wirex.b33.pl\/?page_id=4182"},"modified":"2025-03-06T23:03:20","modified_gmt":"2025-03-06T22:03:20","slug":"o-nas","status":"publish","type":"page","link":"https:\/\/wirex.bedzin.pl\/?page_id=4182","title":{"rendered":"O nas"},"content":{"rendered":"<div class=\"wpb-content-wrapper\"><p>[vc_row css=&#8221;.vc_custom_1592291153839{margin-top: -65px !important;}&#8221;][vc_column offset=&#8221;vc_hidden-lg&#8221;][vc_empty_space height=&#8221;35px&#8221;][\/vc_column][\/vc_row][vc_row css=&#8221;.vc_custom_1729205787792{margin-bottom: 50px !important;}&#8221;][vc_column]\n\t\t\t\t<p class=\"rs-p-wp-fix\"><\/p>\n\t\t\t\t<sr7-module data-alias=\"wirex-o-nas\" data-id=\"13\" id=\"SR7_13_1\" class=\"rs-ov-hidden\" data-version=\"6.7.18\">\n\t\t\t\t\t<sr7-adjuster><\/sr7-adjuster>\n\t\t\t\t\t<sr7-content>\n\t\t\t\t\t\t<sr7-slide id=\"SR7_13_1-47\" data-key=\"47\">\n\t\t\t\t\t\t\t<sr7-bg id=\"SR7_13_1-47-1\" class=\"sr7-layer\"><noscript><img decoding=\"async\" src=\"https:\/\/wirex.bedzin.pl\/wp-content\/uploads\/2024\/10\/kruszywa-slider.jpg\" alt=\"\" title=\"kruszywa-slider\"><\/noscript><\/sr7-bg>\n\t\t\t\t\t\t\t<sr7-txt id=\"SR7_13_1-47-0\" class=\"sr7-layer\">O NAS<\/sr7-txt>\n\t\t\t\t\t\t<\/sr7-slide>\n\t\t\t\t\t\t<sr7-slide id=\"SR7_13_1-48\" data-key=\"48\">\n\t\t\t\t\t\t<\/sr7-slide>\n\t\t\t\t\t<\/sr7-content>\n\t\t\t\t\t<image_lists style=\"display:none\">\n\t\t\t\t\t\t<img data-src=\"\/\/wirex.bedzin.pl\/wp-content\/uploads\/2024\/10\/kruszywa-slider.jpg\" data-libid=\"16783\" data-lib=\"medialibrary\" title=\"kruszywa-slider\" width=\"0\" height=\"0\" data-dbsrc=\"Ly93aXJleC5iZWR6aW4ucGwvd3AtY29udGVudC91cGxvYWRzLzIwMjQvMTAva3J1c3p5d2Etc2xpZGVyLmpwZw==\"\/>\n\t\t\t\t\t<\/image_lists>\n\t\t\t\t<\/sr7-module>\n\t\t\t\t<script>\n\t\t\t\t\tSR7.PMH ??={}; SR7.PMH[\"SR7_13_1\"] = {cn:0,state:false,fn: function() { if (_tpt!==undefined && _tpt.prepareModuleHeight !== undefined) {  _tpt.prepareModuleHeight({id:\"SR7_13_1\",el:[180,180,180,180,80],type:'standard',shdw:'0',gh:[180,180,180,180,80],gw:[1240,1240,1240,1240,480],vpt:['100px&#039;,&#039;100px&#039;,&#039;100px&#039;,&#039;100px&#039;,&#039;100px'],size:{fullWidth:true, fullHeight:false},mh:'0',onh:0,onw:0,bg:{color:'{\"orig\":\"transparent\",\"type\":\"solid\",\"string\":\"transparent\"}'}});   SR7.PMH[\"SR7_13_1\"].state=true;} else if((SR7.PMH[\"SR7_13_1\"].cn++)<100)\tsetTimeout( SR7.PMH[\"SR7_13_1\"].fn,19);}};SR7.PMH[\"SR7_13_1\" ].fn();\n\t\t\t\t<\/script>\n[\/vc_column][\/vc_row][vc_row full_width=&#8221;stretch_row_content&#8221; css=&#8221;.vc_custom_1739130939076{margin-top: -28px !important;margin-bottom: 50px !important;}&#8221;][vc_column width=&#8221;5\/6&#8243;][vc_row_inner content_placement=&#8221;middle&#8221; gap=&#8221;80&#8243; css=&#8221;.vc_custom_1587974789804{background-color: #f4f4f4 !important;}&#8221;][vc_column_inner][vc_column_text css=&#8221;.vc_custom_1739130681582{margin-bottom: 5px !important;}&#8221;]<strong>Sp\u00f3\u0142ka Wirex-Wszo\u0142a\u00a0<\/strong>to przedsi\u0119biorstwo o korzeniach firmy rodzinnej, prowadz\u0105ce dzia\u0142alno\u015b\u0107 w wielu zr\u00f3\u017cnicowanych sektorach dzia\u0142alno\u015bci.<\/p>\n<p>Firma powsta\u0142a w\u00a0<strong>1992 roku<\/strong>. Na pocz\u0105tku swojej dzia\u0142alno\u015bci zajmowa\u0142a si\u0119 g\u0142\u00f3wnie obrotem z\u0142omem stalowym.<br \/>\nW szybkim czasie dzia\u0142alno\u015b\u0107 zosta\u0142a rozszerzona o sprzeda\u017c detaliczn\u0105 i hurtow\u0105 wyrob\u00f3w stalowych ze wszystkich polskich hut stali, jak r\u00f3wnie\u017c ofert\u0119 dla sektora budowlanego, oferuj\u0105c kruszywa i us\u0142ugi budowlane (wyburzenia, rozbi\u00f3rki i prace ziemne).<br \/>\nW\u00a0<strong>2023<\/strong> firma zyska\u0142a nowych w\u0142a\u015bcicieli, kt\u00f3rzy zwi\u0119kszyli inwestycje w\u00a0<strong>dzia\u0142alno\u015b\u0107 pro-ekologiczn\u0105<\/strong>, poszerzaj\u0105c ofert\u0119 o kolejne segmenty recyklingu.<br \/>\nObecnie firma prowadzi:<br \/>\n<strong>&#8211;<\/strong> wypo\u017cyczanie kontener\u00f3w i big-bag\u00f3w na gruz i odpady budowlane w\u0142\u0105cznie z transportem kontener\u00f3w na wskazane miejsce,<br \/>\n<strong>&#8211;<\/strong> sprzeda\u017c wyrob\u00f3w ze stali,<br \/>\n<strong>&#8211;<\/strong> sprzeda\u017c kruszyw budowlanych i drogowych z recyclingu oraz kruszyw naturalnych,<br \/>\n<strong>&#8211;<\/strong> mechaniczne wyburzenia obiekt\u00f3w budowlanych, mechaniczne rozbi\u00f3rki konstrukcji stalowych i element\u00f3w mieszanych,<br \/>\n<strong>&#8211;<\/strong> utylizacja i recycling odpad\u00f3w budowlanych: asfalt, gruz, beton, odpady z remontu, przebudowy dr\u00f3g, gleba, itp.<br \/>\n<strong>&#8211;<\/strong> gospodarka odpadami.[\/vc_column_text][\/vc_column_inner][\/vc_row_inner][vc_empty_space height=&#8221;10px&#8221;]\n\t\t\t\t<p class=\"rs-p-wp-fix\"><\/p>\n\t\t\t\t<sr7-module data-alias=\"button-1\" data-id=\"17\" id=\"SR7_17_2\" class=\"rs-ov-hidden\" data-version=\"6.7.18\">\n\t\t\t\t\t<sr7-adjuster><\/sr7-adjuster>\n\t\t\t\t\t<sr7-content>\n\t\t\t\t\t\t<sr7-slide id=\"SR7_17_2-58\" data-key=\"58\">\n\t\t\t\t\t\t\t<a id=\"SR7_17_2-58-0\" class=\"sr7-layer\" href=\"https:\/\/wirex.bedzin.pl\/?page_id=550\" target=\"_self\">Zobacz nasz\u0105 ofert\u0119<\/a>\n\t\t\t\t\t\t<\/sr7-slide>\n\t\t\t\t\t\t<sr7-slide id=\"SR7_17_2-59\" data-key=\"59\">\n\t\t\t\t\t\t<\/sr7-slide>\n\t\t\t\t\t<\/sr7-content>\n\t\t\t\t<\/sr7-module>\n\t\t\t\t<script>\n\t\t\t\t\tSR7.PMH ??={}; SR7.PMH[\"SR7_17_2\"] = {cn:0,state:false,fn: function() { if (_tpt!==undefined && _tpt.prepareModuleHeight !== undefined) {  _tpt.prepareModuleHeight({id:\"SR7_17_2\",el:[100,100,100,100,220],type:'standard',shdw:'0',gh:[100,100,100,100,220],gw:[1240,1240,1240,1240,480],vpt:['100px&#039;,&#039;100px&#039;,&#039;100px&#039;,&#039;100px&#039;,&#039;100px'],size:{fullWidth:true, fullHeight:false},mh:'0',onh:0,onw:0,bg:{color:'{\"orig\":\"transparent\",\"type\":\"solid\",\"string\":\"transparent\"}'}});   SR7.PMH[\"SR7_17_2\"].state=true;} else if((SR7.PMH[\"SR7_17_2\"].cn++)<100)\tsetTimeout( SR7.PMH[\"SR7_17_2\"].fn,19);}};SR7.PMH[\"SR7_17_2\" ].fn();\n\t\t\t\t<\/script>\n[\/vc_column][vc_column width=&#8221;1\/6&#8243;][vc_single_image image=&#8221;17007&#8243; img_size=&#8221;large&#8221; alignment=&#8221;center&#8221; css=&#8221;&#8221;][vc_empty_space][vc_single_image image=&#8221;17018&#8243; img_size=&#8221;large&#8221; alignment=&#8221;center&#8221; css=&#8221;.vc_custom_1739130357682{margin-top: -18px !important;}&#8221;][vc_column_text css=&#8221;.vc_custom_1739131288838{margin-top: -10px !important;}&#8221;]<\/p>\n<div class=\"wpb_text_column wpb_content_element wpb_animate_when_almost_visible wpb_fadeIn fadeIn wpb_start_animation animated\">\n<div class=\"wpb_wrapper\">\n<p style=\"text-align: center;\">Liczymy, \u017ce nasze zaanga\u017cowanie w <a title=\"Kruszywo ekologiczne\" href=\"http:\/\/wirex.bedzin.pl\/ekologia.html\" target=\"_self\" rel=\"noopener\">ekologi\u0119<\/a> przekona Pa\u0144stwa do wyboru naszych produkt\u00f3w.<\/p>\n<\/div>\n<\/div>\n<p>[\/vc_column_text][vc_column_text css=&#8221;.vc_custom_1739267593304{margin-top: -18px !important;}&#8221;]<\/p>\n<p style=\"text-align: center;\"><strong>WIREX WSZO\u0141A Sp. j.<\/strong><br \/>\n42-500 B\u0119dzin, Sielecka 93B<br \/>\n<span style=\"color: #808080;\">T: <a style=\"color: #808080;\" href=\"tel:+48603973415\">603-973-415<\/a><\/span><br \/>\n<span style=\"color: #808080;\">T: <a style=\"color: #808080;\" href=\"tel:+48506171069\">506-171-069<\/a><\/span><br \/>\n<span style=\"color: #808080;\"><a style=\"color: #808080;\" href=\"mailto:wirex@wirex.bedzin.pl\">wirex@wirex.bedzin.pl<\/a><\/span><\/p>\n<p>[\/vc_column_text][\/vc_column][\/vc_row]<\/p>\n<\/div>","protected":false},"excerpt":{"rendered":"<p>[vc_row css=&#8221;.vc_custom_1592291153839{margin-top: -65px !important;}&#8221;][vc_column offset=&#8221;vc_hidden-lg&#8221;][vc_empty_space height=&#8221;35px&#8221;][\/vc_column][\/vc_row][vc_row css=&#8221;.vc_custom_1729205787792{margin-bottom: 50px !important;}&#8221;][vc_column][\/vc_column][\/vc_row][vc_row full_width=&#8221;stretch_row_content&#8221; css=&#8221;.vc_custom_1739130939076{margin-top: -28px !important;margin-bottom: 50px !important;}&#8221;][vc_column width=&#8221;5\/6&#8243;][vc_row_inner content_placement=&#8221;middle&#8221; gap=&#8221;80&#8243; css=&#8221;.vc_custom_1587974789804{background-color: #f4f4f4 !important;}&#8221;][vc_column_inner][vc_column_text css=&#8221;.vc_custom_1739130681582{margin-bottom: 5px !important;}&#8221;]Sp\u00f3\u0142ka Wirex-Wszo\u0142a\u00a0to przedsi\u0119biorstwo o korzeniach firmy rodzinnej, prowadz\u0105ce dzia\u0142alno\u015b\u0107 w wielu zr\u00f3\u017cnicowanych sektorach dzia\u0142alno\u015bci. Firma powsta\u0142a w\u00a01992 roku. Na pocz\u0105tku swojej dzia\u0142alno\u015bci zajmowa\u0142a si\u0119 g\u0142\u00f3wnie obrotem z\u0142omem stalowym. W szybkim czasie dzia\u0142alno\u015b\u0107 [&hellip;]<\/p>\n","protected":false},"author":1,"featured_media":0,"parent":0,"menu_order":0,"comment_status":"closed","ping_status":"closed","template":"","meta":{"inline_featured_image":false,"footnotes":""},"class_list":["post-4182","page","type-page","status-publish","hentry"],"yoast_head":"<!-- This site is optimized with the Yoast SEO Premium plugin v24.1 (Yoast SEO v24.1) - https:\/\/yoast.com\/wordpress\/plugins\/seo\/ -->\n<title>O nas - Wirex-Wszo\u0142a<\/title>\n<meta name=\"description\" content=\"Sp\u00f3\u0142ka Wirex-Wszo\u0142a: wypo\u017cyczanie kontener\u00f3w i work\u00f3w BIG-BAG, wyroby ze stali, kruszywa, us\u0142ugi, recykling. Email: wirex@wirex.bedzin.pl\" \/>\n<meta name=\"robots\" content=\"index, follow, max-snippet:-1, max-image-preview:large, max-video-preview:-1\" \/>\n<link rel=\"canonical\" href=\"https:\/\/wirex.bedzin.pl\/?page_id=4182\" \/>\n<meta property=\"og:locale\" content=\"pl_PL\" \/>\n<meta property=\"og:type\" content=\"article\" \/>\n<meta property=\"og:title\" content=\"O nas\" \/>\n<meta property=\"og:description\" content=\"Sp\u00f3\u0142ka Wirex-Wszo\u0142a: wypo\u017cyczanie kontener\u00f3w i work\u00f3w BIG-BAG, wyroby ze stali, kruszywa, us\u0142ugi, recykling. Email: wirex@wirex.bedzin.pl\" \/>\n<meta property=\"og:url\" content=\"https:\/\/wirex.bedzin.pl\/?page_id=4182\" \/>\n<meta property=\"og:site_name\" content=\"Wirex-Wszo\u0142a\" \/>\n<meta property=\"article:publisher\" content=\"https:\/\/www.facebook.com\/wirex.wirex.3\/\" \/>\n<meta property=\"article:modified_time\" content=\"2025-03-06T22:03:20+00:00\" \/>\n<meta name=\"twitter:card\" content=\"summary_large_image\" \/>\n<meta name=\"twitter:label1\" content=\"Szacowany czas czytania\" \/>\n\t<meta name=\"twitter:data1\" content=\"2 minuty\" \/>\n<script type=\"application\/ld+json\" class=\"yoast-schema-graph\">{\"@context\":\"https:\/\/schema.org\",\"@graph\":[{\"@type\":\"WebPage\",\"@id\":\"https:\/\/wirex.bedzin.pl\/?page_id=4182\",\"url\":\"https:\/\/wirex.bedzin.pl\/?page_id=4182\",\"name\":\"O nas - Wirex-Wszo\u0142a\",\"isPartOf\":{\"@id\":\"https:\/\/wirex.bedzin.pl\/#website\"},\"datePublished\":\"2024-10-01T14:11:19+00:00\",\"dateModified\":\"2025-03-06T22:03:20+00:00\",\"description\":\"Sp\u00f3\u0142ka Wirex-Wszo\u0142a: wypo\u017cyczanie kontener\u00f3w i work\u00f3w BIG-BAG, wyroby ze stali, kruszywa, us\u0142ugi, recykling. Email: wirex@wirex.bedzin.pl\",\"breadcrumb\":{\"@id\":\"https:\/\/wirex.bedzin.pl\/?page_id=4182#breadcrumb\"},\"inLanguage\":\"pl-PL\",\"potentialAction\":[{\"@type\":\"ReadAction\",\"target\":[\"https:\/\/wirex.bedzin.pl\/?page_id=4182\"]}]},{\"@type\":\"BreadcrumbList\",\"@id\":\"https:\/\/wirex.bedzin.pl\/?page_id=4182#breadcrumb\",\"itemListElement\":[{\"@type\":\"ListItem\",\"position\":1,\"name\":\"Strona g\u0142\u00f3wna\",\"item\":\"https:\/\/wirex.bedzin.pl\/\"},{\"@type\":\"ListItem\",\"position\":2,\"name\":\"O nas\"}]},{\"@type\":\"WebSite\",\"@id\":\"https:\/\/wirex.bedzin.pl\/#website\",\"url\":\"https:\/\/wirex.bedzin.pl\/\",\"name\":\"Wirex-Wszo\u0142a\",\"description\":\"Z nami oszcz\u0119dzasz!\",\"publisher\":{\"@id\":\"https:\/\/wirex.bedzin.pl\/#organization\"},\"potentialAction\":[{\"@type\":\"SearchAction\",\"target\":{\"@type\":\"EntryPoint\",\"urlTemplate\":\"https:\/\/wirex.bedzin.pl\/?s={search_term_string}\"},\"query-input\":{\"@type\":\"PropertyValueSpecification\",\"valueRequired\":true,\"valueName\":\"search_term_string\"}}],\"inLanguage\":\"pl-PL\"},{\"@type\":\"Organization\",\"@id\":\"https:\/\/wirex.bedzin.pl\/#organization\",\"name\":\"Wirex-Wszo\u0142a\",\"url\":\"https:\/\/wirex.bedzin.pl\/\",\"logo\":{\"@type\":\"ImageObject\",\"inLanguage\":\"pl-PL\",\"@id\":\"https:\/\/wirex.bedzin.pl\/#\/schema\/logo\/image\/\",\"url\":\"https:\/\/wirex.bedzin.pl\/wp-content\/uploads\/2024\/10\/wirex-wszola-logo2.png\",\"contentUrl\":\"https:\/\/wirex.bedzin.pl\/wp-content\/uploads\/2024\/10\/wirex-wszola-logo2.png\",\"width\":737,\"height\":213,\"caption\":\"Wirex-Wszo\u0142a\"},\"image\":{\"@id\":\"https:\/\/wirex.bedzin.pl\/#\/schema\/logo\/image\/\"},\"sameAs\":[\"https:\/\/www.facebook.com\/wirex.wirex.3\/\"]}]}<\/script>\n<!-- \/ Yoast SEO Premium plugin. -->","yoast_head_json":{"title":"O nas - Wirex-Wszo\u0142a","description":"Sp\u00f3\u0142ka Wirex-Wszo\u0142a: wypo\u017cyczanie kontener\u00f3w i work\u00f3w BIG-BAG, wyroby ze stali, kruszywa, us\u0142ugi, recykling. Email: wirex@wirex.bedzin.pl","robots":{"index":"index","follow":"follow","max-snippet":"max-snippet:-1","max-image-preview":"max-image-preview:large","max-video-preview":"max-video-preview:-1"},"canonical":"https:\/\/wirex.bedzin.pl\/?page_id=4182","og_locale":"pl_PL","og_type":"article","og_title":"O nas","og_description":"Sp\u00f3\u0142ka Wirex-Wszo\u0142a: wypo\u017cyczanie kontener\u00f3w i work\u00f3w BIG-BAG, wyroby ze stali, kruszywa, us\u0142ugi, recykling. Email: wirex@wirex.bedzin.pl","og_url":"https:\/\/wirex.bedzin.pl\/?page_id=4182","og_site_name":"Wirex-Wszo\u0142a","article_publisher":"https:\/\/www.facebook.com\/wirex.wirex.3\/","article_modified_time":"2025-03-06T22:03:20+00:00","twitter_card":"summary_large_image","twitter_misc":{"Szacowany czas czytania":"2 minuty"},"schema":{"@context":"https:\/\/schema.org","@graph":[{"@type":"WebPage","@id":"https:\/\/wirex.bedzin.pl\/?page_id=4182","url":"https:\/\/wirex.bedzin.pl\/?page_id=4182","name":"O nas - Wirex-Wszo\u0142a","isPartOf":{"@id":"https:\/\/wirex.bedzin.pl\/#website"},"datePublished":"2024-10-01T14:11:19+00:00","dateModified":"2025-03-06T22:03:20+00:00","description":"Sp\u00f3\u0142ka Wirex-Wszo\u0142a: wypo\u017cyczanie kontener\u00f3w i work\u00f3w BIG-BAG, wyroby ze stali, kruszywa, us\u0142ugi, recykling. Email: wirex@wirex.bedzin.pl","breadcrumb":{"@id":"https:\/\/wirex.bedzin.pl\/?page_id=4182#breadcrumb"},"inLanguage":"pl-PL","potentialAction":[{"@type":"ReadAction","target":["https:\/\/wirex.bedzin.pl\/?page_id=4182"]}]},{"@type":"BreadcrumbList","@id":"https:\/\/wirex.bedzin.pl\/?page_id=4182#breadcrumb","itemListElement":[{"@type":"ListItem","position":1,"name":"Strona g\u0142\u00f3wna","item":"https:\/\/wirex.bedzin.pl\/"},{"@type":"ListItem","position":2,"name":"O nas"}]},{"@type":"WebSite","@id":"https:\/\/wirex.bedzin.pl\/#website","url":"https:\/\/wirex.bedzin.pl\/","name":"Wirex-Wszo\u0142a","description":"Z nami oszcz\u0119dzasz!","publisher":{"@id":"https:\/\/wirex.bedzin.pl\/#organization"},"potentialAction":[{"@type":"SearchAction","target":{"@type":"EntryPoint","urlTemplate":"https:\/\/wirex.bedzin.pl\/?s={search_term_string}"},"query-input":{"@type":"PropertyValueSpecification","valueRequired":true,"valueName":"search_term_string"}}],"inLanguage":"pl-PL"},{"@type":"Organization","@id":"https:\/\/wirex.bedzin.pl\/#organization","name":"Wirex-Wszo\u0142a","url":"https:\/\/wirex.bedzin.pl\/","logo":{"@type":"ImageObject","inLanguage":"pl-PL","@id":"https:\/\/wirex.bedzin.pl\/#\/schema\/logo\/image\/","url":"https:\/\/wirex.bedzin.pl\/wp-content\/uploads\/2024\/10\/wirex-wszola-logo2.png","contentUrl":"https:\/\/wirex.bedzin.pl\/wp-content\/uploads\/2024\/10\/wirex-wszola-logo2.png","width":737,"height":213,"caption":"Wirex-Wszo\u0142a"},"image":{"@id":"https:\/\/wirex.bedzin.pl\/#\/schema\/logo\/image\/"},"sameAs":["https:\/\/www.facebook.com\/wirex.wirex.3\/"]}]}},"_links":{"self":[{"href":"https:\/\/wirex.bedzin.pl\/index.php?rest_route=\/wp\/v2\/pages\/4182","targetHints":{"allow":["GET"]}}],"collection":[{"href":"https:\/\/wirex.bedzin.pl\/index.php?rest_route=\/wp\/v2\/pages"}],"about":[{"href":"https:\/\/wirex.bedzin.pl\/index.php?rest_route=\/wp\/v2\/types\/page"}],"author":[{"embeddable":true,"href":"https:\/\/wirex.bedzin.pl\/index.php?rest_route=\/wp\/v2\/users\/1"}],"replies":[{"embeddable":true,"href":"https:\/\/wirex.bedzin.pl\/index.php?rest_route=%2Fwp%2Fv2%2Fcomments&post=4182"}],"version-history":[{"count":80,"href":"https:\/\/wirex.bedzin.pl\/index.php?rest_route=\/wp\/v2\/pages\/4182\/revisions"}],"predecessor-version":[{"id":17610,"href":"https:\/\/wirex.bedzin.pl\/index.php?rest_route=\/wp\/v2\/pages\/4182\/revisions\/17610"}],"wp:attachment":[{"href":"https:\/\/wirex.bedzin.pl\/index.php?rest_route=%2Fwp%2Fv2%2Fmedia&parent=4182"}],"curies":[{"name":"wp","href":"https:\/\/api.w.org\/{rel}","templated":true}]}}