{"id":17533,"date":"2025-02-11T13:15:33","date_gmt":"2025-02-11T12:15:33","guid":{"rendered":"https:\/\/wirex.b33.pl\/?page_id=17533"},"modified":"2025-03-06T22:53:10","modified_gmt":"2025-03-06T21:53:10","slug":"kontener-30m3","status":"publish","type":"page","link":"https:\/\/wirex.bedzin.pl\/?page_id=17533","title":{"rendered":"Kontener 30m3"},"content":{"rendered":"<div class=\"wpb-content-wrapper\"><p>[vc_row css=&#8221;.vc_custom_1729209129909{margin-top: -60px !important;margin-bottom: 50px !important;}&#8221;][vc_column]\n\t\t\t\t<p class=\"rs-p-wp-fix\"><\/p>\n\t\t\t\t<sr7-module data-alias=\"wirex-kontener\" data-id=\"16\" id=\"SR7_16_1\" class=\"rs-ov-hidden\" data-version=\"6.7.18\">\n\t\t\t\t\t<sr7-adjuster><\/sr7-adjuster>\n\t\t\t\t\t<sr7-content>\n\t\t\t\t\t\t<sr7-slide id=\"SR7_16_1-53\" data-key=\"53\">\n\t\t\t\t\t\t\t<sr7-bg id=\"SR7_16_1-53-1\" class=\"sr7-layer\"><noscript><img decoding=\"async\" src=\"https:\/\/wirex.bedzin.pl\/wp-content\/uploads\/2024\/10\/kontener01.jpg\" alt=\"\" title=\"kontener01\"><\/noscript><\/sr7-bg>\n\t\t\t\t\t\t\t<sr7-txt id=\"SR7_16_1-53-0\" class=\"sr7-layer\">ZAM\u00d3W KONTENER<\/sr7-txt>\n\t\t\t\t\t\t<\/sr7-slide>\n\t\t\t\t\t\t<sr7-slide id=\"SR7_16_1-54\" data-key=\"54\">\n\t\t\t\t\t\t<\/sr7-slide>\n\t\t\t\t\t<\/sr7-content>\n\t\t\t\t\t<image_lists style=\"display:none\">\n\t\t\t\t\t\t<img data-src=\"\/\/wirex.bedzin.pl\/wp-content\/uploads\/2024\/10\/kontener01.jpg\" data-libid=\"17009\" data-lib=\"medialibrary\" title=\"kontener01\" width=\"0\" height=\"0\" data-dbsrc=\"Ly93aXJleC5iZWR6aW4ucGwvd3AtY29udGVudC91cGxvYWRzLzIwMjQvMTAva29udGVuZXIwMS5qcGc=\"\/>\n\t\t\t\t\t<\/image_lists>\n\t\t\t\t<\/sr7-module>\n\t\t\t\t<script>\n\t\t\t\t\tSR7.PMH ??={}; SR7.PMH[\"SR7_16_1\"] = {cn:0,state:false,fn: function() { if (_tpt!==undefined && _tpt.prepareModuleHeight !== undefined) {  _tpt.prepareModuleHeight({id:\"SR7_16_1\",el:[180,180,180,180,80],type:'standard',shdw:'0',gh:[180,180,180,180,80],gw:[1240,1240,1240,1240,480],vpt:['100px&#039;,&#039;100px&#039;,&#039;100px&#039;,&#039;100px&#039;,&#039;100px'],size:{fullWidth:true, fullHeight:false},mh:'0',onh:0,onw:0,bg:{color:'{\"orig\":\"transparent\",\"type\":\"solid\",\"string\":\"transparent\"}'}});   SR7.PMH[\"SR7_16_1\"].state=true;} else if((SR7.PMH[\"SR7_16_1\"].cn++)<100)\tsetTimeout( SR7.PMH[\"SR7_16_1\"].fn,19);}};SR7.PMH[\"SR7_16_1\" ].fn();\n\t\t\t\t<\/script>\n[\/vc_column][\/vc_row][vc_row][vc_column][vc_column_text css=&#8221;&#8221;]<\/p>\n<h3 style=\"text-align: center;\"><span style=\"color: #1c1c9e;\">Wybrana pojemno\u015b\u0107 zamawianego kontenera:<\/span><\/h3>\n<p>[\/vc_column_text][\/vc_column][\/vc_row][vc_row][vc_column][vc_empty_space height=&#8221;5px&#8221;][\/vc_column][\/vc_row][vc_row][vc_column][vc_empty_space][\/vc_column][\/vc_row][vc_row][vc_column width=&#8221;3\/6&#8243;][vc_empty_space height=&#8221;36px&#8221;][vc_row_inner][vc_column_inner width=&#8221;1\/5&#8243;][vc_column_text css=&#8221;&#8221;]<\/p>\n<h3>Kontener<\/h3>\n<p>[\/vc_column_text][vc_single_image image=&#8221;17434&#8243; css=&#8221;.vc_custom_1739276233091{margin-top: -8px !important;}&#8221;][\/vc_column_inner][vc_column_inner width=&#8221;2\/5&#8243;][vc_column_text css=&#8221;&#8221;]<\/p>\n<p style=\"padding-left: 40px;\"><strong>Wymiary:<\/strong><br \/>\nd\u0142ugo\u015b\u0107: 660 cm<br \/>\nszeroko\u015b\u0107: 250 cm<br \/>\nwysoko\u015b\u0107: 250 cm<\/p>\n<p style=\"padding-left: 40px;\"><strong>\u0141adowno\u015b\u0107<\/strong><br \/>\noko\u0142o 15000 kg<\/p>\n<p>[\/vc_column_text][\/vc_column_inner][vc_column_inner width=&#8221;2\/5&#8243;][vc_column_text css=&#8221;&#8221;]<strong>Wymagania:<\/strong><br \/>\nwymagana szeroko\u015b\u0107 wjazdu: 350 cm<br \/>\nwymagana wysoko\u015b\u0107: 600 cm<\/p>\n<p><strong>Okres wynajmu:<\/strong><br \/>\n4 dni robocze[\/vc_column_text][\/vc_column_inner][\/vc_row_inner][vc_empty_space height=&#8221;64px&#8221;][vc_column_text css=&#8221;&#8221;]Cennik wg kategorii odpadu<br \/>\nProsimy o kontakt w celu potwierdzenia ceny transportu &#8211; w wi\u0119kszo\u015bci przypadk\u00f3w ceny zawieraj\u0105 transport.<\/p>\n<p>Czysty gruz &#8211; niedost\u0119pne<br \/>\nMieszane &#8211; 9000 z\u0142 brutto<br \/>\nPapa &#8211; niedost\u0119pne[\/vc_column_text][vc_empty_space height=&#8221;64px&#8221;][vc_column_text css=&#8221;&#8221;]<\/p>\n<h3 style=\"text-align: center;\"><span style=\"color: #1c1c9e;\">Dost\u0119pne formy p\u0142atno\u015bci:<\/span><\/h3>\n<p>[\/vc_column_text][vc_row_inner][vc_column_inner width=&#8221;1\/3&#8243;][vc_icon icon_fontawesome=&#8221;fas fa-money-bill-alt&#8221; color=&#8221;custom&#8221; size=&#8221;lg&#8221; align=&#8221;center&#8221; css=&#8221;&#8221; custom_color=&#8221;#117F28&#8243;][vc_column_text css=&#8221;&#8221;]<\/p>\n<h3 style=\"text-align: center;\"><span style=\"color: #808080;\">Got\u00f3wka<\/span><\/h3>\n<p>[\/vc_column_text][\/vc_column_inner][vc_column_inner width=&#8221;1\/3&#8243;][vc_icon icon_fontawesome=&#8221;far fa-credit-card&#8221; color=&#8221;custom&#8221; size=&#8221;lg&#8221; align=&#8221;center&#8221; css=&#8221;&#8221; custom_color=&#8221;#F37310&#8243;][vc_column_text css=&#8221;&#8221;]<\/p>\n<h3 style=\"text-align: center;\"><span style=\"color: #808080;\">Karta p\u0142atnicza<\/span><\/h3>\n<p>[\/vc_column_text][\/vc_column_inner][vc_column_inner width=&#8221;1\/3&#8243;][vc_icon type=&#8221;entypo&#8221; icon_entypo=&#8221;entypo-icon entypo-icon-monitor&#8221; color=&#8221;custom&#8221; size=&#8221;lg&#8221; align=&#8221;center&#8221; css=&#8221;&#8221; custom_color=&#8221;#1600A8&#8243;][vc_column_text css=&#8221;&#8221;]<\/p>\n<h3 style=\"text-align: center;\"><span style=\"color: #808080;\">Przelew<\/span><\/h3>\n<p>[\/vc_column_text][\/vc_column_inner][\/vc_row_inner][\/vc_column][vc_column width=&#8221;3\/6&#8243;]<div class=\"wpforms-container wpforms-container-full wpforms-render-modern\" id=\"wpforms-17488\"><form id=\"wpforms-form-17488\" class=\"wpforms-validate wpforms-form wpforms-ajax-form\" data-formid=\"17488\" method=\"post\" enctype=\"multipart\/form-data\" action=\"\/index.php?rest_route=%2Fwp%2Fv2%2Fpages%2F17533\" data-token=\"01a9948c39164724e87a9afc9e9f8edf\" data-token-time=\"1776294541\"><noscript class=\"wpforms-error-noscript\">Aby wype\u0142ni\u0107 ten formularz, w\u0142\u0105cz obs\u0142ug\u0119 JavaScript w przegl\u0105darce.<\/noscript><div class=\"wpforms-hidden\" id=\"wpforms-error-noscript\">Aby wype\u0142ni\u0107 ten formularz, w\u0142\u0105cz obs\u0142ug\u0119 JavaScript w przegl\u0105darce.<\/div><div class=\"wpforms-field-container\"><div id=\"wpforms-17488-field_0-container\" class=\"wpforms-field wpforms-field-name\" data-field-id=\"0\"><fieldset><legend class=\"wpforms-field-label\">Twoje imi\u0119 i nazwisko <span class=\"wpforms-required-label\" aria-hidden=\"true\">*<\/span><\/legend><div class=\"wpforms-field-row wpforms-field-medium\"><div class=\"wpforms-field-row-block wpforms-first wpforms-one-half\"><input type=\"text\" id=\"wpforms-17488-field_0\" class=\"wpforms-field-name-first wpforms-field-required\" name=\"wpforms[fields][0][first]\" aria-errormessage=\"wpforms-17488-field_0-error\" required><label for=\"wpforms-17488-field_0\" class=\"wpforms-field-sublabel after\">Imi\u0119<\/label><\/div><div class=\"wpforms-field-row-block wpforms-one-half\"><input type=\"text\" id=\"wpforms-17488-field_0-last\" class=\"wpforms-field-name-last wpforms-field-required\" name=\"wpforms[fields][0][last]\" aria-errormessage=\"wpforms-17488-field_0-last-error\" required><label for=\"wpforms-17488-field_0-last\" class=\"wpforms-field-sublabel after\">Nazwisko<\/label><\/div><\/div><\/fieldset><\/div><div id=\"wpforms-17488-field_18-container\" class=\"wpforms-field wpforms-field-text\" data-field-id=\"18\"><label class=\"wpforms-field-label\" for=\"wpforms-17488-field_18\">Email <span class=\"wpforms-required-label\" aria-hidden=\"true\">*<\/span><\/label><input type=\"text\" id=\"wpforms-17488-field_18\" class=\"wpforms-field-medium wpforms-field-required\" name=\"wpforms[fields][18]\" aria-errormessage=\"wpforms-17488-field_18-error\" required><\/div><div id=\"wpforms-17488-field_17-container\" class=\"wpforms-field wpforms-field-phone\" data-field-id=\"17\"><label class=\"wpforms-field-label\" for=\"wpforms-17488-field_17\">Numer telefonu <span class=\"wpforms-required-label\" aria-hidden=\"true\">*<\/span><\/label><input type=\"tel\" id=\"wpforms-17488-field_17\" class=\"wpforms-field-medium wpforms-field-required wpforms-smart-phone-field\" data-rule-smart-phone-field=\"true\" name=\"wpforms[fields][17]\" aria-label=\"Numer telefonu\" aria-errormessage=\"wpforms-17488-field_17-error\" required><\/div><div id=\"wpforms-17488-field_7-container\" class=\"wpforms-field wpforms-field-number-slider\" data-field-id=\"7\"><label class=\"wpforms-field-label\" for=\"wpforms-17488-field_7\">Ilo\u015b\u0107 zamawianych kontener\u00f3w<\/label>\n<input\n\ttype=\"range\"\n\tid=\"wpforms-17488-field_7\" class=\"wpforms-field-medium\" name=\"wpforms[fields][7]\" value=\"1\" aria-errormessage=\"wpforms-17488-field_7-error\"\t\tmin=\"1\"\n\tmax=\"30\"\n\tstep=\"1\">\n\n<div class=\"wpforms-field-number-slider-hint\"\n\tdata-hint=\"Wybrana warto\u015b\u0107: {value}\">\n\tWybrana warto\u015b\u0107: <b>1<\/b><\/div>\n<\/div><div id=\"wpforms-17488-field_15-container\" class=\"wpforms-field wpforms-field-layout\" data-field-id=\"15\"><div class=\"wpforms-field-layout-rows wpforms-field-large\"><div class=\"wpforms-layout-row\"><div class=\"wpforms-layout-column wpforms-layout-column-50\"><div id=\"wpforms-17488-field_11-container\" class=\"wpforms-field wpforms-field-date-time\" data-field-id=\"11\"><label class=\"wpforms-field-label\" for=\"wpforms-17488-field_11\">Podaj dat\u0119 wynajmu <span class=\"wpforms-required-label\" aria-hidden=\"true\">*<\/span><\/label><div class=\"wpforms-datepicker-wrap\"><input type=\"text\" id=\"wpforms-17488-field_11\" class=\"wpforms-field-date-time-date wpforms-datepicker wpforms-field-required wpforms-field-small\" data-date-format=\"d\/m\/Y\" data-disable-past-dates=\"1\" data-disable-todays-date=\"1\" data-input=\"true\" name=\"wpforms[fields][11][date]\" aria-errormessage=\"wpforms-17488-field_11-error\" required><a title=\"Wyczy\u015b\u0107 dat\u0119\" data-clear class=\"wpforms-datepicker-clear\" style=\"display:none;\"><\/a><\/div><\/div><\/div><div class=\"wpforms-layout-column wpforms-layout-column-50\"><div id=\"wpforms-17488-field_13-container\" class=\"wpforms-field wpforms-field-date-time\" data-field-id=\"13\"><label class=\"wpforms-field-label\" for=\"wpforms-17488-field_13\">Podaj dat\u0119 zwrotu <span class=\"wpforms-required-label\" aria-hidden=\"true\">*<\/span><\/label><div class=\"wpforms-datepicker-wrap\"><input type=\"text\" id=\"wpforms-17488-field_13\" class=\"wpforms-field-date-time-date wpforms-datepicker wpforms-field-required wpforms-field-small\" data-date-format=\"d\/m\/Y\" data-disable-past-dates=\"1\" data-disable-todays-date=\"0\" data-input=\"true\" name=\"wpforms[fields][13][date]\" aria-errormessage=\"wpforms-17488-field_13-error\" required><a title=\"Wyczy\u015b\u0107 dat\u0119\" data-clear class=\"wpforms-datepicker-clear\" style=\"display:none;\"><\/a><\/div><\/div><\/div><\/div><\/div><\/div><div id=\"wpforms-17488-field_2-container\" class=\"wpforms-field wpforms-field-textarea\" data-field-id=\"2\"><label class=\"wpforms-field-label\" for=\"wpforms-17488-field_2\">Wiadomo\u015b\u0107\/zapytanie<\/label><textarea id=\"wpforms-17488-field_2\" class=\"wpforms-field-medium\" name=\"wpforms[fields][2]\" aria-errormessage=\"wpforms-17488-field_2-error\" ><\/textarea><\/div><div id=\"wpforms-17488-field_3-container\" class=\"wpforms-field wpforms-field-checkbox\" data-field-id=\"3\"><fieldset><legend class=\"wpforms-field-label\">Przetwarzanie danych osobowych <span class=\"wpforms-required-label\" aria-hidden=\"true\">*<\/span><\/legend><ul id=\"wpforms-17488-field_3\" class=\"wpforms-field-required\"><li class=\"choice-1 depth-1\"><input type=\"checkbox\" id=\"wpforms-17488-field_3_1\" name=\"wpforms[fields][3][]\" value=\"Wyra\u017cam zgod\u0119\" aria-errormessage=\"wpforms-17488-field_3_1-error\" aria-describedby=\"wpforms-17488-field_3-description\" required ><label class=\"wpforms-field-label-inline\" for=\"wpforms-17488-field_3_1\">Wyra\u017cam zgod\u0119<\/label><\/li><\/ul><div id=\"wpforms-17488-field_3-description\" class=\"wpforms-field-description wpforms-disclaimer-description\">Wyra\u017cam zgod\u0119 na przetwarzanie moich danych osobowych zamieszczonych w niniejszym formularzu przez Wirex Wszo\u0142a Sp.j. z siedzib\u0105 w B\u0119dzinie, ul. Sielecka 93B (Administrator). Celem przetwarzania danych osobowych pozyskanych w niniejszym formularzu kontaktowym jest nawi\u0105zanie kontaktu oraz przekazywanie informacji handlowych, marketingowych i promocyjnych. Informujemy, \u017ce udzielenie zgody na przekazanie danych osobowych w formularzu kontaktowym jest dobrowolne. Brak udzielenia zgody nie mo\u017ce powodowa\u0107 \u017cadnych negatywnych konsekwencji dla U\u017cytkownika, a jedynie mo\u017ce utrudni\u0107 lub uniemo\u017cliwi\u0107 kontakt z u\u017cytkownikiem ze strony Administratora.<\/div><\/fieldset><\/div><\/div><!-- .wpforms-field-container --><div class=\"wpforms-submit-container\" ><input type=\"hidden\" name=\"wpforms[id]\" value=\"17488\"><input type=\"hidden\" name=\"page_title\" value=\"\"><input type=\"hidden\" name=\"page_url\" value=\"https:\/\/wirex.bedzin.pl\/index.php?rest_route=%2Fwp%2Fv2%2Fpages%2F17533\"><button type=\"submit\" name=\"wpforms[submit]\" id=\"wpforms-submit-17488\" class=\"wpforms-submit\" data-alt-text=\"Wysy\u0142anie...\" data-submit-text=\"Wy\u015blij\" aria-live=\"assertive\" value=\"wpforms-submit\">Wy\u015blij<\/button><img loading=\"lazy\" decoding=\"async\" src=\"https:\/\/wirex.bedzin.pl\/wp-content\/plugins\/wpforms\/assets\/images\/submit-spin.svg\" class=\"wpforms-submit-spinner\" style=\"display: none;\" width=\"26\" height=\"26\" alt=\"Wczytywanie\"><\/div><\/form><\/div>  <!-- .wpforms-container -->[\/vc_column][\/vc_row]<\/p>\n<\/div>","protected":false},"excerpt":{"rendered":"<p>[vc_row css=&#8221;.vc_custom_1729209129909{margin-top: -60px !important;margin-bottom: 50px !important;}&#8221;][vc_column][\/vc_column][\/vc_row][vc_row][vc_column][vc_column_text css=&#8221;&#8221;] Wybrana pojemno\u015b\u0107 zamawianego kontenera: [\/vc_column_text][\/vc_column][\/vc_row][vc_row][vc_column][vc_empty_space height=&#8221;5px&#8221;][\/vc_column][\/vc_row][vc_row][vc_column][vc_empty_space][\/vc_column][\/vc_row][vc_row][vc_column width=&#8221;3\/6&#8243;][vc_empty_space height=&#8221;36px&#8221;][vc_row_inner][vc_column_inner width=&#8221;1\/5&#8243;][vc_column_text css=&#8221;&#8221;] Kontener [\/vc_column_text][vc_single_image image=&#8221;17434&#8243; css=&#8221;.vc_custom_1739276233091{margin-top: -8px !important;}&#8221;][\/vc_column_inner][vc_column_inner width=&#8221;2\/5&#8243;][vc_column_text css=&#8221;&#8221;] Wymiary: d\u0142ugo\u015b\u0107: 660 cm szeroko\u015b\u0107: 250 cm wysoko\u015b\u0107: 250 cm \u0141adowno\u015b\u0107 oko\u0142o 15000 kg [\/vc_column_text][\/vc_column_inner][vc_column_inner width=&#8221;2\/5&#8243;][vc_column_text css=&#8221;&#8221;]Wymagania: wymagana szeroko\u015b\u0107 wjazdu: 350 cm wymagana wysoko\u015b\u0107: 600 cm Okres wynajmu: 4 dni [&hellip;]<\/p>\n","protected":false},"author":1,"featured_media":0,"parent":0,"menu_order":0,"comment_status":"closed","ping_status":"closed","template":"","meta":{"inline_featured_image":false,"footnotes":""},"class_list":["post-17533","page","type-page","status-publish","hentry"],"yoast_head":"<!-- This site is optimized with the Yoast SEO Premium plugin v24.1 (Yoast SEO v24.1) - https:\/\/yoast.com\/wordpress\/plugins\/seo\/ -->\n<title>Kontener 30m3 - Wirex-Wszo\u0142a<\/title>\n<meta name=\"description\" content=\"Zam\u00f3w kontener 30m3 o \u0142adowno\u015bci oko\u0142o 15000 kg; kontakt: 603973415, 506171069; email: wirex@wirex.bedzin.pl\" \/>\n<meta name=\"robots\" content=\"index, follow, max-snippet:-1, max-image-preview:large, max-video-preview:-1\" \/>\n<link rel=\"canonical\" href=\"https:\/\/wirex.bedzin.pl\/?page_id=17533\" \/>\n<meta property=\"og:locale\" content=\"pl_PL\" \/>\n<meta property=\"og:type\" content=\"article\" \/>\n<meta property=\"og:title\" content=\"Kontener 30m3\" \/>\n<meta property=\"og:description\" content=\"Zam\u00f3w kontener 30m3 o \u0142adowno\u015bci oko\u0142o 15000 kg; kontakt: 603973415, 506171069; email: wirex@wirex.bedzin.pl\" \/>\n<meta property=\"og:url\" content=\"https:\/\/wirex.bedzin.pl\/?page_id=17533\" \/>\n<meta property=\"og:site_name\" content=\"Wirex-Wszo\u0142a\" \/>\n<meta property=\"article:publisher\" content=\"https:\/\/www.facebook.com\/wirex.wirex.3\/\" \/>\n<meta property=\"article:modified_time\" content=\"2025-03-06T21:53:10+00:00\" \/>\n<meta name=\"twitter:card\" content=\"summary_large_image\" \/>\n<meta name=\"twitter:label1\" content=\"Szacowany czas czytania\" \/>\n\t<meta name=\"twitter:data1\" content=\"1 minuta\" \/>\n<script type=\"application\/ld+json\" class=\"yoast-schema-graph\">{\"@context\":\"https:\/\/schema.org\",\"@graph\":[{\"@type\":\"WebPage\",\"@id\":\"https:\/\/wirex.bedzin.pl\/?page_id=17533\",\"url\":\"https:\/\/wirex.bedzin.pl\/?page_id=17533\",\"name\":\"Kontener 30m3 - Wirex-Wszo\u0142a\",\"isPartOf\":{\"@id\":\"https:\/\/wirex.bedzin.pl\/#website\"},\"datePublished\":\"2025-02-11T12:15:33+00:00\",\"dateModified\":\"2025-03-06T21:53:10+00:00\",\"description\":\"Zam\u00f3w kontener 30m3 o \u0142adowno\u015bci oko\u0142o 15000 kg; kontakt: 603973415, 506171069; email: wirex@wirex.bedzin.pl\",\"breadcrumb\":{\"@id\":\"https:\/\/wirex.bedzin.pl\/?page_id=17533#breadcrumb\"},\"inLanguage\":\"pl-PL\",\"potentialAction\":[{\"@type\":\"ReadAction\",\"target\":[\"https:\/\/wirex.bedzin.pl\/?page_id=17533\"]}]},{\"@type\":\"BreadcrumbList\",\"@id\":\"https:\/\/wirex.bedzin.pl\/?page_id=17533#breadcrumb\",\"itemListElement\":[{\"@type\":\"ListItem\",\"position\":1,\"name\":\"Strona g\u0142\u00f3wna\",\"item\":\"https:\/\/wirex.bedzin.pl\/\"},{\"@type\":\"ListItem\",\"position\":2,\"name\":\"Kontener 30m3\"}]},{\"@type\":\"WebSite\",\"@id\":\"https:\/\/wirex.bedzin.pl\/#website\",\"url\":\"https:\/\/wirex.bedzin.pl\/\",\"name\":\"Wirex-Wszo\u0142a\",\"description\":\"Z nami oszcz\u0119dzasz!\",\"publisher\":{\"@id\":\"https:\/\/wirex.bedzin.pl\/#organization\"},\"potentialAction\":[{\"@type\":\"SearchAction\",\"target\":{\"@type\":\"EntryPoint\",\"urlTemplate\":\"https:\/\/wirex.bedzin.pl\/?s={search_term_string}\"},\"query-input\":{\"@type\":\"PropertyValueSpecification\",\"valueRequired\":true,\"valueName\":\"search_term_string\"}}],\"inLanguage\":\"pl-PL\"},{\"@type\":\"Organization\",\"@id\":\"https:\/\/wirex.bedzin.pl\/#organization\",\"name\":\"Wirex-Wszo\u0142a\",\"url\":\"https:\/\/wirex.bedzin.pl\/\",\"logo\":{\"@type\":\"ImageObject\",\"inLanguage\":\"pl-PL\",\"@id\":\"https:\/\/wirex.bedzin.pl\/#\/schema\/logo\/image\/\",\"url\":\"https:\/\/wirex.bedzin.pl\/wp-content\/uploads\/2024\/10\/wirex-wszola-logo2.png\",\"contentUrl\":\"https:\/\/wirex.bedzin.pl\/wp-content\/uploads\/2024\/10\/wirex-wszola-logo2.png\",\"width\":737,\"height\":213,\"caption\":\"Wirex-Wszo\u0142a\"},\"image\":{\"@id\":\"https:\/\/wirex.bedzin.pl\/#\/schema\/logo\/image\/\"},\"sameAs\":[\"https:\/\/www.facebook.com\/wirex.wirex.3\/\"]}]}<\/script>\n<!-- \/ Yoast SEO Premium plugin. -->","yoast_head_json":{"title":"Kontener 30m3 - Wirex-Wszo\u0142a","description":"Zam\u00f3w kontener 30m3 o \u0142adowno\u015bci oko\u0142o 15000 kg; kontakt: 603973415, 506171069; email: wirex@wirex.bedzin.pl","robots":{"index":"index","follow":"follow","max-snippet":"max-snippet:-1","max-image-preview":"max-image-preview:large","max-video-preview":"max-video-preview:-1"},"canonical":"https:\/\/wirex.bedzin.pl\/?page_id=17533","og_locale":"pl_PL","og_type":"article","og_title":"Kontener 30m3","og_description":"Zam\u00f3w kontener 30m3 o \u0142adowno\u015bci oko\u0142o 15000 kg; kontakt: 603973415, 506171069; email: wirex@wirex.bedzin.pl","og_url":"https:\/\/wirex.bedzin.pl\/?page_id=17533","og_site_name":"Wirex-Wszo\u0142a","article_publisher":"https:\/\/www.facebook.com\/wirex.wirex.3\/","article_modified_time":"2025-03-06T21:53:10+00:00","twitter_card":"summary_large_image","twitter_misc":{"Szacowany czas czytania":"1 minuta"},"schema":{"@context":"https:\/\/schema.org","@graph":[{"@type":"WebPage","@id":"https:\/\/wirex.bedzin.pl\/?page_id=17533","url":"https:\/\/wirex.bedzin.pl\/?page_id=17533","name":"Kontener 30m3 - Wirex-Wszo\u0142a","isPartOf":{"@id":"https:\/\/wirex.bedzin.pl\/#website"},"datePublished":"2025-02-11T12:15:33+00:00","dateModified":"2025-03-06T21:53:10+00:00","description":"Zam\u00f3w kontener 30m3 o \u0142adowno\u015bci oko\u0142o 15000 kg; kontakt: 603973415, 506171069; email: wirex@wirex.bedzin.pl","breadcrumb":{"@id":"https:\/\/wirex.bedzin.pl\/?page_id=17533#breadcrumb"},"inLanguage":"pl-PL","potentialAction":[{"@type":"ReadAction","target":["https:\/\/wirex.bedzin.pl\/?page_id=17533"]}]},{"@type":"BreadcrumbList","@id":"https:\/\/wirex.bedzin.pl\/?page_id=17533#breadcrumb","itemListElement":[{"@type":"ListItem","position":1,"name":"Strona g\u0142\u00f3wna","item":"https:\/\/wirex.bedzin.pl\/"},{"@type":"ListItem","position":2,"name":"Kontener 30m3"}]},{"@type":"WebSite","@id":"https:\/\/wirex.bedzin.pl\/#website","url":"https:\/\/wirex.bedzin.pl\/","name":"Wirex-Wszo\u0142a","description":"Z nami oszcz\u0119dzasz!","publisher":{"@id":"https:\/\/wirex.bedzin.pl\/#organization"},"potentialAction":[{"@type":"SearchAction","target":{"@type":"EntryPoint","urlTemplate":"https:\/\/wirex.bedzin.pl\/?s={search_term_string}"},"query-input":{"@type":"PropertyValueSpecification","valueRequired":true,"valueName":"search_term_string"}}],"inLanguage":"pl-PL"},{"@type":"Organization","@id":"https:\/\/wirex.bedzin.pl\/#organization","name":"Wirex-Wszo\u0142a","url":"https:\/\/wirex.bedzin.pl\/","logo":{"@type":"ImageObject","inLanguage":"pl-PL","@id":"https:\/\/wirex.bedzin.pl\/#\/schema\/logo\/image\/","url":"https:\/\/wirex.bedzin.pl\/wp-content\/uploads\/2024\/10\/wirex-wszola-logo2.png","contentUrl":"https:\/\/wirex.bedzin.pl\/wp-content\/uploads\/2024\/10\/wirex-wszola-logo2.png","width":737,"height":213,"caption":"Wirex-Wszo\u0142a"},"image":{"@id":"https:\/\/wirex.bedzin.pl\/#\/schema\/logo\/image\/"},"sameAs":["https:\/\/www.facebook.com\/wirex.wirex.3\/"]}]}},"_links":{"self":[{"href":"https:\/\/wirex.bedzin.pl\/index.php?rest_route=\/wp\/v2\/pages\/17533","targetHints":{"allow":["GET"]}}],"collection":[{"href":"https:\/\/wirex.bedzin.pl\/index.php?rest_route=\/wp\/v2\/pages"}],"about":[{"href":"https:\/\/wirex.bedzin.pl\/index.php?rest_route=\/wp\/v2\/types\/page"}],"author":[{"embeddable":true,"href":"https:\/\/wirex.bedzin.pl\/index.php?rest_route=\/wp\/v2\/users\/1"}],"replies":[{"embeddable":true,"href":"https:\/\/wirex.bedzin.pl\/index.php?rest_route=%2Fwp%2Fv2%2Fcomments&post=17533"}],"version-history":[{"count":7,"href":"https:\/\/wirex.bedzin.pl\/index.php?rest_route=\/wp\/v2\/pages\/17533\/revisions"}],"predecessor-version":[{"id":17604,"href":"https:\/\/wirex.bedzin.pl\/index.php?rest_route=\/wp\/v2\/pages\/17533\/revisions\/17604"}],"wp:attachment":[{"href":"https:\/\/wirex.bedzin.pl\/index.php?rest_route=%2Fwp%2Fv2%2Fmedia&parent=17533"}],"curies":[{"name":"wp","href":"https:\/\/api.w.org\/{rel}","templated":true}]}}