{"id":17246,"date":"2024-12-02T01:25:58","date_gmt":"2024-12-02T00:25:58","guid":{"rendered":"https:\/\/wirex.b33.pl\/?page_id=17246"},"modified":"2025-03-06T23:09:47","modified_gmt":"2025-03-06T22:09:47","slug":"wyburzenia-rozbiorki-oferta","status":"publish","type":"page","link":"https:\/\/wirex.bedzin.pl\/?page_id=17246","title":{"rendered":"Wyburzenia, rozbi\u00f3rki &#8211; oferta"},"content":{"rendered":"<div class=\"wpb-content-wrapper\"><p>[vc_row css=&#8221;.vc_custom_1733099225934{margin-top: -60px !important;}&#8221; el_id=&#8221;wyburzenia-start&#8221;][vc_column]\n\t\t\t\t<p class=\"rs-p-wp-fix\"><\/p>\n\t\t\t\t<sr7-module data-alias=\"wyburzenia-oferta\" data-id=\"22\" id=\"SR7_22_1\" class=\"rs-ov-hidden\" data-version=\"6.7.18\">\n\t\t\t\t\t<sr7-adjuster><\/sr7-adjuster>\n\t\t\t\t\t<sr7-content>\n\t\t\t\t\t\t<sr7-slide id=\"SR7_22_1-69\" data-key=\"69\">\n\t\t\t\t\t\t\t<sr7-bg id=\"SR7_22_1-69-1\" class=\"sr7-layer\"><noscript><img decoding=\"async\" src=\"https:\/\/wirex.bedzin.pl\/wp-content\/uploads\/2024\/10\/wyburzenie-v2.1.jpg\" alt=\"\" title=\"wyburzenie-v2.1\"><\/noscript><\/sr7-bg>\n\t\t\t\t\t\t\t<sr7-txt id=\"SR7_22_1-69-0\" class=\"sr7-layer\">WYBURZENIA, ROZBI\u00d3RKI<\/sr7-txt>\n\t\t\t\t\t\t<\/sr7-slide>\n\t\t\t\t\t\t<sr7-slide id=\"SR7_22_1-70\" data-key=\"70\">\n\t\t\t\t\t\t<\/sr7-slide>\n\t\t\t\t\t<\/sr7-content>\n\t\t\t\t\t<image_lists style=\"display:none\">\n\t\t\t\t\t\t<img data-src=\"\/\/wirex.bedzin.pl\/wp-content\/uploads\/2024\/10\/wyburzenie-v2.1.jpg\" data-libid=\"17026\" data-lib=\"medialibrary\" title=\"wyburzenie-v2.1\" width=\"0\" height=\"0\" data-dbsrc=\"Ly93aXJleC5iZWR6aW4ucGwvd3AtY29udGVudC91cGxvYWRzLzIwMjQvMTAvd3lidXJ6ZW5pZS12Mi4xLmpwZw==\"\/>\n\t\t\t\t\t<\/image_lists>\n\t\t\t\t<\/sr7-module>\n\t\t\t\t<script>\n\t\t\t\t\tSR7.PMH ??={}; SR7.PMH[\"SR7_22_1\"] = {cn:0,state:false,fn: function() { if (_tpt!==undefined && _tpt.prepareModuleHeight !== undefined) {  _tpt.prepareModuleHeight({id:\"SR7_22_1\",el:[180,180,180,180,80],type:'standard',shdw:'0',gh:[180,180,180,180,80],gw:[1240,1240,1240,1240,480],vpt:['100px&#039;,&#039;100px&#039;,&#039;100px&#039;,&#039;100px&#039;,&#039;100px'],size:{fullWidth:true, fullHeight:false},mh:'0',onh:0,onw:0,bg:{color:'{\"orig\":\"transparent\",\"type\":\"solid\",\"string\":\"transparent\"}'}});   SR7.PMH[\"SR7_22_1\"].state=true;} else if((SR7.PMH[\"SR7_22_1\"].cn++)<100)\tsetTimeout( SR7.PMH[\"SR7_22_1\"].fn,19);}};SR7.PMH[\"SR7_22_1\" ].fn();\n\t\t\t\t<\/script>\n[\/vc_column][\/vc_row][vc_row][vc_column][vc_empty_space height=&#8221;64px&#8221;][\/vc_column][\/vc_row][vc_row][vc_column][vc_column_text css=&#8221;&#8221;]<\/p>\n<h5><span style=\"color: #808080;\">OFERTA DLA SEKTORA BUDOWLANEGO, WYBURZENIA I ROZBI\u00d3RKI:<\/span><\/h5>\n<h5><span style=\"color: #808080;\">&#8211; wyburzanie i rozbi\u00f3rki<\/span><\/h5>\n<h5><span style=\"color: #808080;\">&#8211; wypo\u017cyczalnia kontener\u00f3w na gruz<\/span><\/h5>\n<h5><span style=\"color: #808080;\">&#8211; utylizacja odpad\u00f3w budowlanych<\/span><\/h5>\n<h5><span style=\"color: #808080;\">&#8211; us\u0142ugi kruszenia<\/span><\/h5>\n<h5><span style=\"color: #808080;\">&#8211; recykling odpad\u00f3w budowlanych (pozyskiwanie kruszyw do ponownego zastosowania)<\/span><\/h5>\n<h5><span style=\"color: #808080;\">&#8211; produkcja i sprzeda\u017c kruszyw z recyklingu<\/span><\/h5>\n<h5><span style=\"color: #808080;\">&#8211; rekultywacje teren\u00f3w zdewastowanych przez przemys\u0142<\/span><\/h5>\n<p>[\/vc_column_text][\/vc_column][\/vc_row][vc_row][vc_column][\/vc_column][\/vc_row][vc_row css=&#8221;.vc_custom_1728600281824{margin-top: 140px !important;margin-bottom: 60px !important;}&#8221;][vc_column css_animation=&#8221;fadeInUp&#8221; width=&#8221;1\/5&#8243;]\t<div class=\"ts-feature-wrapper  vertical-icon text-default\">\n\t\t\n\t\t<div class=\"feature-content\">\n\t\t\t\n\t\t\t\t\t\t<a style=\"color: #3251d1\" target=\"_self\" class=\"feature-icon\" href=\"https:\/\/wirex.bedzin.pl\/?page_id=17185\">\n\t\t\t\t<i class=\"fas fa-box\"><\/i>\n\t\t\t<\/a>\n\t\t\t\t\t\t\n\t\t\t<div class=\"feature-header\">\n\t\t\t\t\n\t\t\t\t\t\t\t\t<h4 class=\"feature-title heading-title entry-title\">\n\t\t\t\t\t<a target=\"_self\" href=\"https:\/\/wirex.bedzin.pl\/?page_id=17185\">Kontenery, worki BIG-BAG<\/a>\n\t\t\t\t<\/h4>\n\t\t\t\t\t\t\t\n\t\t\t\t\t\t\t\t<div class=\"feature-excerpt\">\n\t\t\t\t\twypo\u017cyczenie kontener\u00f3w na gruz i odpady budowlane w\u0142\u0105cznie z transportem we wskazane miejsce.\t\t\t\t<\/div>\n\t\t\t\t\t\t\t\t\t\n\t\t\t<\/div>\n\t\t<\/div>\n\t<\/div>\n\t[\/vc_column][vc_column css_animation=&#8221;bottom-to-top&#8221; width=&#8221;1\/5&#8243;]\t<div class=\"ts-feature-wrapper  vertical-icon text-default\">\n\t\t\n\t\t<div class=\"feature-content\">\n\t\t\t\n\t\t\t\t\t\t<a style=\"color: #7c6d51\" target=\"_self\" class=\"feature-icon\" href=\"https:\/\/wirex.bedzin.pl\/?page_id=17209\">\n\t\t\t\t<i class=\"fas fa-industry\"><\/i>\n\t\t\t<\/a>\n\t\t\t\t\t\t\n\t\t\t<div class=\"feature-header\">\n\t\t\t\t\n\t\t\t\t\t\t\t\t<h4 class=\"feature-title heading-title entry-title\">\n\t\t\t\t\t<a target=\"_self\" href=\"https:\/\/wirex.bedzin.pl\/?page_id=17209\">Wyroby hutnicze<\/a>\n\t\t\t\t<\/h4>\n\t\t\t\t\t\t\t\n\t\t\t\t\t\t\t\t<div class=\"feature-excerpt\">\n\t\t\t\t\tProwadzimy sprzeda\u017c wyrob\u00f3w ze stali - odwied\u017a nasz sklep\t\t\t\t<\/div>\n\t\t\t\t\t\t\t\t\t\n\t\t\t<\/div>\n\t\t<\/div>\n\t<\/div>\n\t[\/vc_column][vc_column css_animation=&#8221;fadeIn&#8221; width=&#8221;1\/5&#8243;]\t<div class=\"ts-feature-wrapper  vertical-icon text-default\">\n\t\t\n\t\t<div class=\"feature-content\">\n\t\t\t\n\t\t\t\t\t\t<a style=\"color: #dd8500\" target=\"_self\" class=\"feature-icon\" href=\"https:\/\/wirex.bedzin.pl\/?page_id=17229\">\n\t\t\t\t<i class=\"fas fa-braille\"><\/i>\n\t\t\t<\/a>\n\t\t\t\t\t\t\n\t\t\t<div class=\"feature-header\">\n\t\t\t\t\n\t\t\t\t\t\t\t\t<h4 class=\"feature-title heading-title entry-title\">\n\t\t\t\t\t<a target=\"_self\" href=\"https:\/\/wirex.bedzin.pl\/?page_id=17229\">Kruszywa<\/a>\n\t\t\t\t<\/h4>\n\t\t\t\t\t\t\t\n\t\t\t\t\t\t\t\t<div class=\"feature-excerpt\">\n\t\t\t\t\tbudowlane i drogowe z recyklingu oraz kruszywa naturalne.\t\t\t\t<\/div>\n\t\t\t\t\t\t\t\t\t\n\t\t\t<\/div>\n\t\t<\/div>\n\t<\/div>\n\t[\/vc_column][vc_column css_animation=&#8221;top-to-bottom&#8221; width=&#8221;1\/5&#8243;]\t<div class=\"ts-feature-wrapper  vertical-icon text-default\">\n\t\t\n\t\t<div class=\"feature-content\">\n\t\t\t\n\t\t\t\t\t\t<a style=\"color: #934f22\" target=\"_self\" class=\"feature-icon\" href=\"#wyburzenia-start\">\n\t\t\t\t<i class=\"fas fa-download\"><\/i>\n\t\t\t<\/a>\n\t\t\t\t\t\t\n\t\t\t<div class=\"feature-header\">\n\t\t\t\t\n\t\t\t\t\t\t\t\t<h4 class=\"feature-title heading-title entry-title\">\n\t\t\t\t\t<a target=\"_self\" href=\"#wyburzenia-start\">Wyburzenia, rozbi\u00f3rki<\/a>\n\t\t\t\t<\/h4>\n\t\t\t\t\t\t\t\n\t\t\t\t\t\t\t\t<div class=\"feature-excerpt\">\n\t\t\t\t\tmechaniczne wyburzanie obiekt\u00f3w budowlanych, mechaniczne rozbi\u00f3rki konstrukcji stalowych i element\u00f3w mieszanych.\t\t\t\t<\/div>\n\t\t\t\t\t\t\t\t\t\n\t\t\t<\/div>\n\t\t<\/div>\n\t<\/div>\n\t[\/vc_column][vc_column width=&#8221;1\/5&#8243;]\t<div class=\"ts-feature-wrapper  vertical-icon text-default\">\n\t\t\n\t\t<div class=\"feature-content\">\n\t\t\t\n\t\t\t\t\t\t<a style=\"color: #31a033\" target=\"_self\" class=\"feature-icon\" href=\"https:\/\/wirex.bedzin.pl\/?page_id=17253\">\n\t\t\t\t<i class=\"fas fa-recycle\"><\/i>\n\t\t\t<\/a>\n\t\t\t\t\t\t\n\t\t\t<div class=\"feature-header\">\n\t\t\t\t\n\t\t\t\t\t\t\t\t<h4 class=\"feature-title heading-title entry-title\">\n\t\t\t\t\t<a target=\"_self\" href=\"https:\/\/wirex.bedzin.pl\/?page_id=17253\">Utylizacja i recykling odpad\u00f3w<\/a>\n\t\t\t\t<\/h4>\n\t\t\t\t\t\t\t\n\t\t\t\t\t\t\t\t<div class=\"feature-excerpt\">\n\t\t\t\t\trecykling i utylizacja asfaltu, gruzu, betonu, ceg\u0142y, odpady z remontu, przebudowy dr\u00f3g, gleba, t\u0142ucze\u0144 torowy.\t\t\t\t<\/div>\n\t\t\t\t\t\t\t\t\t\n\t\t\t<\/div>\n\t\t<\/div>\n\t<\/div>\n\t[\/vc_column][\/vc_row][vc_row][vc_column][vc_raw_js]JTNDc2NyaXB0JTNFJTBBalF1ZXJ5JTI4ZG9jdW1lbnQlMjkucmVhZHklMjhmdW5jdGlvbiUyOCUyMCUyNCUyMCUyOSU3QiUwQSUyMCUyMCUyMCUyMCUyNCUyOCUyN2ElNUJocmVmJTJBJTNEJTIyJTIzJTIyJTVEJTNBbm90JTI4JTVCaHJlZiUzRCUyMiUyMyUyMiU1RCUyOSUyNyUyOS5jbGljayUyOGZ1bmN0aW9uJTI4JTI5JTIwJTdCJTBBJTIwJTIwJTIwJTIwJTIwJTIwJTIwJTIwaWYlMjAlMjhsb2NhdGlvbi5wYXRobmFtZS5yZXBsYWNlJTI4JTJGJTVFJTVDJTJGJTJGJTJDJTI3JTI3JTI5JTIwJTNEJTNEJTIwdGhpcy5wYXRobmFtZS5yZXBsYWNlJTI4JTJGJTVFJTVDJTJGJTJGJTJDJTI3JTI3JTI5JTIwJTI2JTI2JTIwbG9jYXRpb24uaG9zdG5hbWUlMjAlM0QlM0QlMjB0aGlzLmhvc3RuYW1lJTI5JTIwJTdCJTBBJTIwJTIwJTIwJTIwJTIwJTIwJTIwJTIwJTIwJTIwJTIwJTIwdmFyJTIwdGFyZ2V0JTIwJTNEJTIwJTI0JTI4dGhpcy5oYXNoJTI5JTNCJTBBJTIwJTIwJTIwJTIwJTIwJTIwJTIwJTIwJTIwJTIwJTIwJTIwdGFyZ2V0JTIwJTNEJTIwdGFyZ2V0Lmxlbmd0aCUyMCUzRiUyMHRhcmdldCUyMCUzQSUyMCUyNCUyOCUyNyU1Qm5hbWUlM0QlMjclMjAlMkIlMjB0aGlzLmhhc2guc2xpY2UlMjgxJTI5JTIwJTJCJTI3JTVEJTI3JTI5JTNCJTBBJTIwJTIwJTIwJTIwJTIwJTIwJTIwJTIwJTIwJTIwJTIwJTIwaWYlMjAlMjh0YXJnZXQubGVuZ3RoJTI5JTIwJTdCJTBBJTIwJTIwJTIwJTIwJTIwJTIwJTIwJTIwJTIwJTIwJTIwJTIwJTIwJTIwJTIwJTIwJTI0JTI4JTI3aHRtbCUyQ2JvZHklMjclMjkuYW5pbWF0ZSUyOCU3QiUwQSUyMCUyMCUyMCUyMCUyMCUyMCUyMCUyMCUyMCUyMCUyMCUyMCUyMCUyMCUyMCUyMCUyMCUyMCUyMCUyMHNjcm9sbFRvcCUzQSUyMHRhcmdldC5vZmZzZXQlMjglMjkudG9wJTBBJTIwJTIwJTIwJTIwJTIwJTIwJTIwJTIwJTIwJTIwJTIwJTIwJTIwJTIwJTIwJTIwJTdEJTJDJTIwMTAwMCUyOSUzQiUwQSUyMCUyMCUyMCUyMCUyMCUyMCUyMCUyMCUyMCUyMCUyMCUyMCUyMCUyMCUyMCUyMHJldHVybiUyMGZhbHNlJTNCJTBBJTIwJTIwJTIwJTIwJTIwJTIwJTIwJTIwJTIwJTIwJTIwJTIwJTdEJTBBJTIwJTIwJTIwJTIwJTIwJTIwJTIwJTIwJTdEJTBBJTIwJTIwJTIwJTIwJTdEJTI5JTNCJTBBJTdEJTI5JTNCJTBBJTNDJTJGc2NyaXB0JTNF[\/vc_raw_js][\/vc_column][\/vc_row]<\/p>\n<\/div>","protected":false},"excerpt":{"rendered":"<p>[vc_row css=&#8221;.vc_custom_1733099225934{margin-top: -60px !important;}&#8221; el_id=&#8221;wyburzenia-start&#8221;][vc_column][\/vc_column][\/vc_row][vc_row][vc_column][vc_empty_space height=&#8221;64px&#8221;][\/vc_column][\/vc_row][vc_row][vc_column][vc_column_text css=&#8221;&#8221;] OFERTA DLA SEKTORA BUDOWLANEGO, WYBURZENIA I ROZBI\u00d3RKI: &#8211; wyburzanie i rozbi\u00f3rki &#8211; wypo\u017cyczalnia kontener\u00f3w na gruz &#8211; utylizacja odpad\u00f3w budowlanych &#8211; us\u0142ugi kruszenia &#8211; recykling odpad\u00f3w budowlanych (pozyskiwanie kruszyw do ponownego zastosowania) &#8211; produkcja i sprzeda\u017c kruszyw z recyklingu &#8211; rekultywacje teren\u00f3w zdewastowanych przez przemys\u0142 [\/vc_column_text][\/vc_column][\/vc_row][vc_row][vc_column][\/vc_column][\/vc_row][vc_row css=&#8221;.vc_custom_1728600281824{margin-top: 140px [&hellip;]<\/p>\n","protected":false},"author":1,"featured_media":0,"parent":0,"menu_order":0,"comment_status":"closed","ping_status":"closed","template":"","meta":{"inline_featured_image":false,"footnotes":""},"class_list":["post-17246","page","type-page","status-publish","hentry"],"yoast_head":"<!-- This site is optimized with the Yoast SEO Premium plugin v24.1 (Yoast SEO v24.1) - https:\/\/yoast.com\/wordpress\/plugins\/seo\/ -->\n<title>Wyburzenia, rozbi\u00f3rki - oferta - Wirex-Wszo\u0142a<\/title>\n<meta name=\"description\" content=\"Zam\u00f3w kontener, us\u0142ugi kruszenia, wyburzenia i rozbi\u00f3rki; kontakt: 603973415, 506171069; email: wirex@wirex.bedzin.pl\" \/>\n<meta name=\"robots\" content=\"index, follow, max-snippet:-1, max-image-preview:large, max-video-preview:-1\" \/>\n<link rel=\"canonical\" href=\"https:\/\/wirex.bedzin.pl\/?page_id=17246\" \/>\n<meta property=\"og:locale\" content=\"pl_PL\" \/>\n<meta property=\"og:type\" content=\"article\" \/>\n<meta property=\"og:title\" content=\"Wyburzenia, rozbi\u00f3rki - oferta\" \/>\n<meta property=\"og:description\" content=\"Zam\u00f3w kontener, us\u0142ugi kruszenia, wyburzenia i rozbi\u00f3rki; kontakt: 603973415, 506171069; email: wirex@wirex.bedzin.pl\" \/>\n<meta property=\"og:url\" content=\"https:\/\/wirex.bedzin.pl\/?page_id=17246\" \/>\n<meta property=\"og:site_name\" content=\"Wirex-Wszo\u0142a\" \/>\n<meta property=\"article:publisher\" content=\"https:\/\/www.facebook.com\/wirex.wirex.3\/\" \/>\n<meta property=\"article:modified_time\" content=\"2025-03-06T22:09:47+00:00\" \/>\n<meta name=\"twitter:card\" content=\"summary_large_image\" \/>\n<meta name=\"twitter:label1\" content=\"Szacowany czas czytania\" \/>\n\t<meta name=\"twitter:data1\" content=\"1 minuta\" \/>\n<script type=\"application\/ld+json\" class=\"yoast-schema-graph\">{\"@context\":\"https:\/\/schema.org\",\"@graph\":[{\"@type\":\"WebPage\",\"@id\":\"https:\/\/wirex.bedzin.pl\/?page_id=17246\",\"url\":\"https:\/\/wirex.bedzin.pl\/?page_id=17246\",\"name\":\"Wyburzenia, rozbi\u00f3rki - oferta - Wirex-Wszo\u0142a\",\"isPartOf\":{\"@id\":\"https:\/\/wirex.bedzin.pl\/#website\"},\"datePublished\":\"2024-12-02T00:25:58+00:00\",\"dateModified\":\"2025-03-06T22:09:47+00:00\",\"description\":\"Zam\u00f3w kontener, us\u0142ugi kruszenia, wyburzenia i rozbi\u00f3rki; kontakt: 603973415, 506171069; email: wirex@wirex.bedzin.pl\",\"breadcrumb\":{\"@id\":\"https:\/\/wirex.bedzin.pl\/?page_id=17246#breadcrumb\"},\"inLanguage\":\"pl-PL\",\"potentialAction\":[{\"@type\":\"ReadAction\",\"target\":[\"https:\/\/wirex.bedzin.pl\/?page_id=17246\"]}]},{\"@type\":\"BreadcrumbList\",\"@id\":\"https:\/\/wirex.bedzin.pl\/?page_id=17246#breadcrumb\",\"itemListElement\":[{\"@type\":\"ListItem\",\"position\":1,\"name\":\"Strona g\u0142\u00f3wna\",\"item\":\"https:\/\/wirex.bedzin.pl\/\"},{\"@type\":\"ListItem\",\"position\":2,\"name\":\"Wyburzenia, rozbi\u00f3rki &#8211; oferta\"}]},{\"@type\":\"WebSite\",\"@id\":\"https:\/\/wirex.bedzin.pl\/#website\",\"url\":\"https:\/\/wirex.bedzin.pl\/\",\"name\":\"Wirex-Wszo\u0142a\",\"description\":\"Z nami oszcz\u0119dzasz!\",\"publisher\":{\"@id\":\"https:\/\/wirex.bedzin.pl\/#organization\"},\"potentialAction\":[{\"@type\":\"SearchAction\",\"target\":{\"@type\":\"EntryPoint\",\"urlTemplate\":\"https:\/\/wirex.bedzin.pl\/?s={search_term_string}\"},\"query-input\":{\"@type\":\"PropertyValueSpecification\",\"valueRequired\":true,\"valueName\":\"search_term_string\"}}],\"inLanguage\":\"pl-PL\"},{\"@type\":\"Organization\",\"@id\":\"https:\/\/wirex.bedzin.pl\/#organization\",\"name\":\"Wirex-Wszo\u0142a\",\"url\":\"https:\/\/wirex.bedzin.pl\/\",\"logo\":{\"@type\":\"ImageObject\",\"inLanguage\":\"pl-PL\",\"@id\":\"https:\/\/wirex.bedzin.pl\/#\/schema\/logo\/image\/\",\"url\":\"https:\/\/wirex.bedzin.pl\/wp-content\/uploads\/2024\/10\/wirex-wszola-logo2.png\",\"contentUrl\":\"https:\/\/wirex.bedzin.pl\/wp-content\/uploads\/2024\/10\/wirex-wszola-logo2.png\",\"width\":737,\"height\":213,\"caption\":\"Wirex-Wszo\u0142a\"},\"image\":{\"@id\":\"https:\/\/wirex.bedzin.pl\/#\/schema\/logo\/image\/\"},\"sameAs\":[\"https:\/\/www.facebook.com\/wirex.wirex.3\/\"]}]}<\/script>\n<!-- \/ Yoast SEO Premium plugin. -->","yoast_head_json":{"title":"Wyburzenia, rozbi\u00f3rki - oferta - Wirex-Wszo\u0142a","description":"Zam\u00f3w kontener, us\u0142ugi kruszenia, wyburzenia i rozbi\u00f3rki; kontakt: 603973415, 506171069; email: wirex@wirex.bedzin.pl","robots":{"index":"index","follow":"follow","max-snippet":"max-snippet:-1","max-image-preview":"max-image-preview:large","max-video-preview":"max-video-preview:-1"},"canonical":"https:\/\/wirex.bedzin.pl\/?page_id=17246","og_locale":"pl_PL","og_type":"article","og_title":"Wyburzenia, rozbi\u00f3rki - oferta","og_description":"Zam\u00f3w kontener, us\u0142ugi kruszenia, wyburzenia i rozbi\u00f3rki; kontakt: 603973415, 506171069; email: wirex@wirex.bedzin.pl","og_url":"https:\/\/wirex.bedzin.pl\/?page_id=17246","og_site_name":"Wirex-Wszo\u0142a","article_publisher":"https:\/\/www.facebook.com\/wirex.wirex.3\/","article_modified_time":"2025-03-06T22:09:47+00:00","twitter_card":"summary_large_image","twitter_misc":{"Szacowany czas czytania":"1 minuta"},"schema":{"@context":"https:\/\/schema.org","@graph":[{"@type":"WebPage","@id":"https:\/\/wirex.bedzin.pl\/?page_id=17246","url":"https:\/\/wirex.bedzin.pl\/?page_id=17246","name":"Wyburzenia, rozbi\u00f3rki - oferta - Wirex-Wszo\u0142a","isPartOf":{"@id":"https:\/\/wirex.bedzin.pl\/#website"},"datePublished":"2024-12-02T00:25:58+00:00","dateModified":"2025-03-06T22:09:47+00:00","description":"Zam\u00f3w kontener, us\u0142ugi kruszenia, wyburzenia i rozbi\u00f3rki; kontakt: 603973415, 506171069; email: wirex@wirex.bedzin.pl","breadcrumb":{"@id":"https:\/\/wirex.bedzin.pl\/?page_id=17246#breadcrumb"},"inLanguage":"pl-PL","potentialAction":[{"@type":"ReadAction","target":["https:\/\/wirex.bedzin.pl\/?page_id=17246"]}]},{"@type":"BreadcrumbList","@id":"https:\/\/wirex.bedzin.pl\/?page_id=17246#breadcrumb","itemListElement":[{"@type":"ListItem","position":1,"name":"Strona g\u0142\u00f3wna","item":"https:\/\/wirex.bedzin.pl\/"},{"@type":"ListItem","position":2,"name":"Wyburzenia, rozbi\u00f3rki &#8211; oferta"}]},{"@type":"WebSite","@id":"https:\/\/wirex.bedzin.pl\/#website","url":"https:\/\/wirex.bedzin.pl\/","name":"Wirex-Wszo\u0142a","description":"Z nami oszcz\u0119dzasz!","publisher":{"@id":"https:\/\/wirex.bedzin.pl\/#organization"},"potentialAction":[{"@type":"SearchAction","target":{"@type":"EntryPoint","urlTemplate":"https:\/\/wirex.bedzin.pl\/?s={search_term_string}"},"query-input":{"@type":"PropertyValueSpecification","valueRequired":true,"valueName":"search_term_string"}}],"inLanguage":"pl-PL"},{"@type":"Organization","@id":"https:\/\/wirex.bedzin.pl\/#organization","name":"Wirex-Wszo\u0142a","url":"https:\/\/wirex.bedzin.pl\/","logo":{"@type":"ImageObject","inLanguage":"pl-PL","@id":"https:\/\/wirex.bedzin.pl\/#\/schema\/logo\/image\/","url":"https:\/\/wirex.bedzin.pl\/wp-content\/uploads\/2024\/10\/wirex-wszola-logo2.png","contentUrl":"https:\/\/wirex.bedzin.pl\/wp-content\/uploads\/2024\/10\/wirex-wszola-logo2.png","width":737,"height":213,"caption":"Wirex-Wszo\u0142a"},"image":{"@id":"https:\/\/wirex.bedzin.pl\/#\/schema\/logo\/image\/"},"sameAs":["https:\/\/www.facebook.com\/wirex.wirex.3\/"]}]}},"_links":{"self":[{"href":"https:\/\/wirex.bedzin.pl\/index.php?rest_route=\/wp\/v2\/pages\/17246","targetHints":{"allow":["GET"]}}],"collection":[{"href":"https:\/\/wirex.bedzin.pl\/index.php?rest_route=\/wp\/v2\/pages"}],"about":[{"href":"https:\/\/wirex.bedzin.pl\/index.php?rest_route=\/wp\/v2\/types\/page"}],"author":[{"embeddable":true,"href":"https:\/\/wirex.bedzin.pl\/index.php?rest_route=\/wp\/v2\/users\/1"}],"replies":[{"embeddable":true,"href":"https:\/\/wirex.bedzin.pl\/index.php?rest_route=%2Fwp%2Fv2%2Fcomments&post=17246"}],"version-history":[{"count":7,"href":"https:\/\/wirex.bedzin.pl\/index.php?rest_route=\/wp\/v2\/pages\/17246\/revisions"}],"predecessor-version":[{"id":17613,"href":"https:\/\/wirex.bedzin.pl\/index.php?rest_route=\/wp\/v2\/pages\/17246\/revisions\/17613"}],"wp:attachment":[{"href":"https:\/\/wirex.bedzin.pl\/index.php?rest_route=%2Fwp%2Fv2%2Fmedia&parent=17246"}],"curies":[{"name":"wp","href":"https:\/\/api.w.org\/{rel}","templated":true}]}}