{"id":17010,"date":"2024-10-18T01:49:56","date_gmt":"2024-10-17T23:49:56","guid":{"rendered":"https:\/\/wirex.b33.pl\/?page_id=17010"},"modified":"2025-03-06T23:13:45","modified_gmt":"2025-03-06T22:13:45","slug":"kontener","status":"publish","type":"page","link":"https:\/\/wirex.bedzin.pl\/?page_id=17010","title":{"rendered":"Zam\u00f3w kontener"},"content":{"rendered":"<div class=\"wpb-content-wrapper\"><p>[vc_row css=&#8221;.vc_custom_1729209129909{margin-top: -60px !important;margin-bottom: 50px !important;}&#8221;][vc_column]\n\t\t\t\t<p class=\"rs-p-wp-fix\"><\/p>\n\t\t\t\t<sr7-module data-alias=\"wirex-kontener\" data-id=\"16\" id=\"SR7_16_1\" class=\"rs-ov-hidden\" data-version=\"6.7.18\">\n\t\t\t\t\t<sr7-adjuster><\/sr7-adjuster>\n\t\t\t\t\t<sr7-content>\n\t\t\t\t\t\t<sr7-slide id=\"SR7_16_1-53\" data-key=\"53\">\n\t\t\t\t\t\t\t<sr7-bg id=\"SR7_16_1-53-1\" class=\"sr7-layer\"><noscript><img decoding=\"async\" src=\"https:\/\/wirex.bedzin.pl\/wp-content\/uploads\/2024\/10\/kontener01.jpg\" alt=\"\" title=\"kontener01\"><\/noscript><\/sr7-bg>\n\t\t\t\t\t\t\t<sr7-txt id=\"SR7_16_1-53-0\" class=\"sr7-layer\">ZAM\u00d3W KONTENER<\/sr7-txt>\n\t\t\t\t\t\t<\/sr7-slide>\n\t\t\t\t\t\t<sr7-slide id=\"SR7_16_1-54\" data-key=\"54\">\n\t\t\t\t\t\t<\/sr7-slide>\n\t\t\t\t\t<\/sr7-content>\n\t\t\t\t\t<image_lists style=\"display:none\">\n\t\t\t\t\t\t<img data-src=\"\/\/wirex.bedzin.pl\/wp-content\/uploads\/2024\/10\/kontener01.jpg\" data-libid=\"17009\" data-lib=\"medialibrary\" title=\"kontener01\" width=\"0\" height=\"0\" data-dbsrc=\"Ly93aXJleC5iZWR6aW4ucGwvd3AtY29udGVudC91cGxvYWRzLzIwMjQvMTAva29udGVuZXIwMS5qcGc=\"\/>\n\t\t\t\t\t<\/image_lists>\n\t\t\t\t<\/sr7-module>\n\t\t\t\t<script>\n\t\t\t\t\tSR7.PMH ??={}; SR7.PMH[\"SR7_16_1\"] = {cn:0,state:false,fn: function() { if (_tpt!==undefined && _tpt.prepareModuleHeight !== undefined) {  _tpt.prepareModuleHeight({id:\"SR7_16_1\",el:[180,180,180,180,80],type:'standard',shdw:'0',gh:[180,180,180,180,80],gw:[1240,1240,1240,1240,480],vpt:['100px&#039;,&#039;100px&#039;,&#039;100px&#039;,&#039;100px&#039;,&#039;100px'],size:{fullWidth:true, fullHeight:false},mh:'0',onh:0,onw:0,bg:{color:'{\"orig\":\"transparent\",\"type\":\"solid\",\"string\":\"transparent\"}'}});   SR7.PMH[\"SR7_16_1\"].state=true;} else if((SR7.PMH[\"SR7_16_1\"].cn++)<100)\tsetTimeout( SR7.PMH[\"SR7_16_1\"].fn,19);}};SR7.PMH[\"SR7_16_1\" ].fn();\n\t\t\t\t<\/script>\n[\/vc_column][\/vc_row][vc_row][vc_column][vc_column_text css=&#8221;&#8221;]<\/p>\n<h3 style=\"text-align: center;\"><span style=\"color: #1c1c9e;\">Wybierz pojemno\u015b\u0107 zamawianego kontenera:<\/span><\/h3>\n<p>[\/vc_column_text][vc_empty_space][\/vc_column][\/vc_row][vc_row][vc_column width=&#8221;1\/3&#8243;][vc_single_image image=&#8221;17336&#8243; alignment=&#8221;center&#8221; onclick=&#8221;custom_link&#8221; css=&#8221;&#8221; link=&#8221;https:\/\/wirex.bedzin.pl\/?page_id=17479&#8243;][vc_empty_space height=&#8221;7px&#8221;][\/vc_column][vc_column width=&#8221;1\/3&#8243;][vc_single_image image=&#8221;17337&#8243; alignment=&#8221;center&#8221; onclick=&#8221;custom_link&#8221; css=&#8221;&#8221; link=&#8221;https:\/\/wirex.bedzin.pl\/?page_id=17522&#8243;][vc_empty_space height=&#8221;7px&#8221;][\/vc_column][vc_column width=&#8221;1\/3&#8243;][vc_single_image image=&#8221;17434&#8243; alignment=&#8221;center&#8221; onclick=&#8221;custom_link&#8221; css=&#8221;&#8221; link=&#8221;https:\/\/wirex.bedzin.pl\/?page_id=17533&#8243;][vc_empty_space height=&#8221;7px&#8221;][\/vc_column][\/vc_row][vc_row][vc_column][vc_empty_space height=&#8221;72px&#8221;][\/vc_column][\/vc_row][vc_row][vc_column][vc_column_text css=&#8221;&#8221;]<\/p>\n<h3 style=\"text-align: center;\"><span style=\"color: #1c1c9e;\">Dost\u0119pne formy p\u0142atno\u015bci:<\/span><\/h3>\n<p>[\/vc_column_text][\/vc_column][\/vc_row][vc_row][vc_column width=&#8221;1\/5&#8243;][\/vc_column][vc_column width=&#8221;1\/5&#8243;][vc_icon icon_fontawesome=&#8221;fas fa-money-bill-alt&#8221; color=&#8221;custom&#8221; size=&#8221;lg&#8221; align=&#8221;center&#8221; css=&#8221;&#8221; custom_color=&#8221;#117F28&#8243;][vc_column_text css=&#8221;&#8221;]<\/p>\n<h3 style=\"text-align: center;\"><span style=\"color: #808080;\">Got\u00f3wka<\/span><\/h3>\n<p>[\/vc_column_text][\/vc_column][vc_column width=&#8221;1\/5&#8243;][vc_icon icon_fontawesome=&#8221;far fa-credit-card&#8221; color=&#8221;custom&#8221; size=&#8221;lg&#8221; align=&#8221;center&#8221; css=&#8221;&#8221; custom_color=&#8221;#F37310&#8243;][vc_column_text css=&#8221;&#8221;]<\/p>\n<h3 style=\"text-align: center;\"><span style=\"color: #808080;\">Karta p\u0142atnicza<\/span><\/h3>\n<p>[\/vc_column_text][\/vc_column][vc_column width=&#8221;1\/5&#8243;][vc_icon type=&#8221;entypo&#8221; icon_entypo=&#8221;entypo-icon entypo-icon-monitor&#8221; color=&#8221;custom&#8221; size=&#8221;lg&#8221; align=&#8221;center&#8221; css=&#8221;&#8221; custom_color=&#8221;#1600A8&#8243;][vc_column_text css=&#8221;&#8221;]<\/p>\n<h3 style=\"text-align: center;\"><span style=\"color: #808080;\">Przelew<\/span><\/h3>\n<p>[\/vc_column_text][\/vc_column][vc_column width=&#8221;1\/5&#8243;][\/vc_column][\/vc_row]<\/p>\n<\/div>","protected":false},"excerpt":{"rendered":"<p>[vc_row css=&#8221;.vc_custom_1729209129909{margin-top: -60px !important;margin-bottom: 50px !important;}&#8221;][vc_column][\/vc_column][\/vc_row][vc_row][vc_column][vc_column_text css=&#8221;&#8221;] Wybierz pojemno\u015b\u0107 zamawianego kontenera: [\/vc_column_text][vc_empty_space][\/vc_column][\/vc_row][vc_row][vc_column width=&#8221;1\/3&#8243;][vc_single_image image=&#8221;17336&#8243; alignment=&#8221;center&#8221; onclick=&#8221;custom_link&#8221; css=&#8221;&#8221; link=&#8221;https:\/\/wirex.bedzin.pl\/?page_id=17479&#8243;][vc_empty_space height=&#8221;7px&#8221;][\/vc_column][vc_column width=&#8221;1\/3&#8243;][vc_single_image image=&#8221;17337&#8243; alignment=&#8221;center&#8221; onclick=&#8221;custom_link&#8221; css=&#8221;&#8221; link=&#8221;https:\/\/wirex.bedzin.pl\/?page_id=17522&#8243;][vc_empty_space height=&#8221;7px&#8221;][\/vc_column][vc_column width=&#8221;1\/3&#8243;][vc_single_image image=&#8221;17434&#8243; alignment=&#8221;center&#8221; onclick=&#8221;custom_link&#8221; css=&#8221;&#8221; link=&#8221;https:\/\/wirex.bedzin.pl\/?page_id=17533&#8243;][vc_empty_space height=&#8221;7px&#8221;][\/vc_column][\/vc_row][vc_row][vc_column][vc_empty_space height=&#8221;72px&#8221;][\/vc_column][\/vc_row][vc_row][vc_column][vc_column_text css=&#8221;&#8221;] Dost\u0119pne formy p\u0142atno\u015bci: [\/vc_column_text][\/vc_column][\/vc_row][vc_row][vc_column width=&#8221;1\/5&#8243;][\/vc_column][vc_column width=&#8221;1\/5&#8243;][vc_icon icon_fontawesome=&#8221;fas fa-money-bill-alt&#8221; color=&#8221;custom&#8221; size=&#8221;lg&#8221; align=&#8221;center&#8221; css=&#8221;&#8221; custom_color=&#8221;#117F28&#8243;][vc_column_text css=&#8221;&#8221;] Got\u00f3wka [\/vc_column_text][\/vc_column][vc_column width=&#8221;1\/5&#8243;][vc_icon icon_fontawesome=&#8221;far fa-credit-card&#8221; color=&#8221;custom&#8221; [&hellip;]<\/p>\n","protected":false},"author":1,"featured_media":0,"parent":0,"menu_order":0,"comment_status":"closed","ping_status":"closed","template":"","meta":{"inline_featured_image":false,"footnotes":""},"class_list":["post-17010","page","type-page","status-publish","hentry"],"yoast_head":"<!-- This site is optimized with the Yoast SEO Premium plugin v24.1 (Yoast SEO v24.1) - https:\/\/yoast.com\/wordpress\/plugins\/seo\/ -->\n<title>Zam\u00f3w kontener - Wirex-Wszo\u0142a<\/title>\n<meta name=\"description\" content=\"Zam\u00f3w kontener 5, 13 lub 30m3 - zapewniamy transport i dogodne terminy; kontakt: 603973415, 506171069; email: wirex@wirex.bedzin.pl\" \/>\n<meta name=\"robots\" content=\"index, follow, max-snippet:-1, max-image-preview:large, max-video-preview:-1\" \/>\n<link rel=\"canonical\" href=\"https:\/\/wirex.bedzin.pl\/?page_id=17010\" \/>\n<meta property=\"og:locale\" content=\"pl_PL\" \/>\n<meta property=\"og:type\" content=\"article\" \/>\n<meta property=\"og:title\" content=\"Zam\u00f3w kontener\" \/>\n<meta property=\"og:description\" content=\"Zam\u00f3w kontener 5, 13 lub 30m3 - zapewniamy transport i dogodne terminy; kontakt: 603973415, 506171069; email: wirex@wirex.bedzin.pl\" \/>\n<meta property=\"og:url\" content=\"https:\/\/wirex.bedzin.pl\/?page_id=17010\" \/>\n<meta property=\"og:site_name\" content=\"Wirex-Wszo\u0142a\" \/>\n<meta property=\"article:publisher\" content=\"https:\/\/www.facebook.com\/wirex.wirex.3\/\" \/>\n<meta property=\"article:modified_time\" content=\"2025-03-06T22:13:45+00:00\" \/>\n<meta name=\"twitter:card\" content=\"summary_large_image\" \/>\n<meta name=\"twitter:label1\" content=\"Szacowany czas czytania\" \/>\n\t<meta name=\"twitter:data1\" content=\"1 minuta\" \/>\n<script type=\"application\/ld+json\" class=\"yoast-schema-graph\">{\"@context\":\"https:\/\/schema.org\",\"@graph\":[{\"@type\":\"WebPage\",\"@id\":\"https:\/\/wirex.bedzin.pl\/?page_id=17010\",\"url\":\"https:\/\/wirex.bedzin.pl\/?page_id=17010\",\"name\":\"Zam\u00f3w kontener - Wirex-Wszo\u0142a\",\"isPartOf\":{\"@id\":\"https:\/\/wirex.bedzin.pl\/#website\"},\"datePublished\":\"2024-10-17T23:49:56+00:00\",\"dateModified\":\"2025-03-06T22:13:45+00:00\",\"description\":\"Zam\u00f3w kontener 5, 13 lub 30m3 - zapewniamy transport i dogodne terminy; kontakt: 603973415, 506171069; email: wirex@wirex.bedzin.pl\",\"breadcrumb\":{\"@id\":\"https:\/\/wirex.bedzin.pl\/?page_id=17010#breadcrumb\"},\"inLanguage\":\"pl-PL\",\"potentialAction\":[{\"@type\":\"ReadAction\",\"target\":[\"https:\/\/wirex.bedzin.pl\/?page_id=17010\"]}]},{\"@type\":\"BreadcrumbList\",\"@id\":\"https:\/\/wirex.bedzin.pl\/?page_id=17010#breadcrumb\",\"itemListElement\":[{\"@type\":\"ListItem\",\"position\":1,\"name\":\"Strona g\u0142\u00f3wna\",\"item\":\"https:\/\/wirex.bedzin.pl\/\"},{\"@type\":\"ListItem\",\"position\":2,\"name\":\"Zam\u00f3w kontener\"}]},{\"@type\":\"WebSite\",\"@id\":\"https:\/\/wirex.bedzin.pl\/#website\",\"url\":\"https:\/\/wirex.bedzin.pl\/\",\"name\":\"Wirex-Wszo\u0142a\",\"description\":\"Z nami oszcz\u0119dzasz!\",\"publisher\":{\"@id\":\"https:\/\/wirex.bedzin.pl\/#organization\"},\"potentialAction\":[{\"@type\":\"SearchAction\",\"target\":{\"@type\":\"EntryPoint\",\"urlTemplate\":\"https:\/\/wirex.bedzin.pl\/?s={search_term_string}\"},\"query-input\":{\"@type\":\"PropertyValueSpecification\",\"valueRequired\":true,\"valueName\":\"search_term_string\"}}],\"inLanguage\":\"pl-PL\"},{\"@type\":\"Organization\",\"@id\":\"https:\/\/wirex.bedzin.pl\/#organization\",\"name\":\"Wirex-Wszo\u0142a\",\"url\":\"https:\/\/wirex.bedzin.pl\/\",\"logo\":{\"@type\":\"ImageObject\",\"inLanguage\":\"pl-PL\",\"@id\":\"https:\/\/wirex.bedzin.pl\/#\/schema\/logo\/image\/\",\"url\":\"https:\/\/wirex.bedzin.pl\/wp-content\/uploads\/2024\/10\/wirex-wszola-logo2.png\",\"contentUrl\":\"https:\/\/wirex.bedzin.pl\/wp-content\/uploads\/2024\/10\/wirex-wszola-logo2.png\",\"width\":737,\"height\":213,\"caption\":\"Wirex-Wszo\u0142a\"},\"image\":{\"@id\":\"https:\/\/wirex.bedzin.pl\/#\/schema\/logo\/image\/\"},\"sameAs\":[\"https:\/\/www.facebook.com\/wirex.wirex.3\/\"]}]}<\/script>\n<!-- \/ Yoast SEO Premium plugin. -->","yoast_head_json":{"title":"Zam\u00f3w kontener - Wirex-Wszo\u0142a","description":"Zam\u00f3w kontener 5, 13 lub 30m3 - zapewniamy transport i dogodne terminy; kontakt: 603973415, 506171069; email: wirex@wirex.bedzin.pl","robots":{"index":"index","follow":"follow","max-snippet":"max-snippet:-1","max-image-preview":"max-image-preview:large","max-video-preview":"max-video-preview:-1"},"canonical":"https:\/\/wirex.bedzin.pl\/?page_id=17010","og_locale":"pl_PL","og_type":"article","og_title":"Zam\u00f3w kontener","og_description":"Zam\u00f3w kontener 5, 13 lub 30m3 - zapewniamy transport i dogodne terminy; kontakt: 603973415, 506171069; email: wirex@wirex.bedzin.pl","og_url":"https:\/\/wirex.bedzin.pl\/?page_id=17010","og_site_name":"Wirex-Wszo\u0142a","article_publisher":"https:\/\/www.facebook.com\/wirex.wirex.3\/","article_modified_time":"2025-03-06T22:13:45+00:00","twitter_card":"summary_large_image","twitter_misc":{"Szacowany czas czytania":"1 minuta"},"schema":{"@context":"https:\/\/schema.org","@graph":[{"@type":"WebPage","@id":"https:\/\/wirex.bedzin.pl\/?page_id=17010","url":"https:\/\/wirex.bedzin.pl\/?page_id=17010","name":"Zam\u00f3w kontener - Wirex-Wszo\u0142a","isPartOf":{"@id":"https:\/\/wirex.bedzin.pl\/#website"},"datePublished":"2024-10-17T23:49:56+00:00","dateModified":"2025-03-06T22:13:45+00:00","description":"Zam\u00f3w kontener 5, 13 lub 30m3 - zapewniamy transport i dogodne terminy; kontakt: 603973415, 506171069; email: wirex@wirex.bedzin.pl","breadcrumb":{"@id":"https:\/\/wirex.bedzin.pl\/?page_id=17010#breadcrumb"},"inLanguage":"pl-PL","potentialAction":[{"@type":"ReadAction","target":["https:\/\/wirex.bedzin.pl\/?page_id=17010"]}]},{"@type":"BreadcrumbList","@id":"https:\/\/wirex.bedzin.pl\/?page_id=17010#breadcrumb","itemListElement":[{"@type":"ListItem","position":1,"name":"Strona g\u0142\u00f3wna","item":"https:\/\/wirex.bedzin.pl\/"},{"@type":"ListItem","position":2,"name":"Zam\u00f3w kontener"}]},{"@type":"WebSite","@id":"https:\/\/wirex.bedzin.pl\/#website","url":"https:\/\/wirex.bedzin.pl\/","name":"Wirex-Wszo\u0142a","description":"Z nami oszcz\u0119dzasz!","publisher":{"@id":"https:\/\/wirex.bedzin.pl\/#organization"},"potentialAction":[{"@type":"SearchAction","target":{"@type":"EntryPoint","urlTemplate":"https:\/\/wirex.bedzin.pl\/?s={search_term_string}"},"query-input":{"@type":"PropertyValueSpecification","valueRequired":true,"valueName":"search_term_string"}}],"inLanguage":"pl-PL"},{"@type":"Organization","@id":"https:\/\/wirex.bedzin.pl\/#organization","name":"Wirex-Wszo\u0142a","url":"https:\/\/wirex.bedzin.pl\/","logo":{"@type":"ImageObject","inLanguage":"pl-PL","@id":"https:\/\/wirex.bedzin.pl\/#\/schema\/logo\/image\/","url":"https:\/\/wirex.bedzin.pl\/wp-content\/uploads\/2024\/10\/wirex-wszola-logo2.png","contentUrl":"https:\/\/wirex.bedzin.pl\/wp-content\/uploads\/2024\/10\/wirex-wszola-logo2.png","width":737,"height":213,"caption":"Wirex-Wszo\u0142a"},"image":{"@id":"https:\/\/wirex.bedzin.pl\/#\/schema\/logo\/image\/"},"sameAs":["https:\/\/www.facebook.com\/wirex.wirex.3\/"]}]}},"_links":{"self":[{"href":"https:\/\/wirex.bedzin.pl\/index.php?rest_route=\/wp\/v2\/pages\/17010","targetHints":{"allow":["GET"]}}],"collection":[{"href":"https:\/\/wirex.bedzin.pl\/index.php?rest_route=\/wp\/v2\/pages"}],"about":[{"href":"https:\/\/wirex.bedzin.pl\/index.php?rest_route=\/wp\/v2\/types\/page"}],"author":[{"embeddable":true,"href":"https:\/\/wirex.bedzin.pl\/index.php?rest_route=\/wp\/v2\/users\/1"}],"replies":[{"embeddable":true,"href":"https:\/\/wirex.bedzin.pl\/index.php?rest_route=%2Fwp%2Fv2%2Fcomments&post=17010"}],"version-history":[{"count":46,"href":"https:\/\/wirex.bedzin.pl\/index.php?rest_route=\/wp\/v2\/pages\/17010\/revisions"}],"predecessor-version":[{"id":17615,"href":"https:\/\/wirex.bedzin.pl\/index.php?rest_route=\/wp\/v2\/pages\/17010\/revisions\/17615"}],"wp:attachment":[{"href":"https:\/\/wirex.bedzin.pl\/index.php?rest_route=%2Fwp%2Fv2%2Fmedia&parent=17010"}],"curies":[{"name":"wp","href":"https:\/\/api.w.org\/{rel}","templated":true}]}}