{"id":16997,"date":"2025-02-18T01:31:06","date_gmt":"2025-02-18T00:31:06","guid":{"rendered":"https:\/\/wirex.b33.pl\/?page_id=16997"},"modified":"2025-03-18T16:49:28","modified_gmt":"2025-03-18T15:49:28","slug":"wirex-wszola-dzialalnosc-pro-ekologiczna-odbior-i-wywoz-odpadow","status":"publish","type":"page","link":"https:\/\/wirex.bedzin.pl\/?page_id=16997","title":{"rendered":"Ekologia"},"content":{"rendered":"<div class=\"wpb-content-wrapper\"><p>[vc_row css=&#8221;.vc_custom_1729208080710{margin-top: -60px !important;margin-bottom: 50px !important;}&#8221;][vc_column]\n\t\t\t\t<p class=\"rs-p-wp-fix\"><\/p>\n\t\t\t\t<sr7-module data-alias=\"wirex-ekologia\" data-id=\"15\" id=\"SR7_15_1\" class=\"rs-ov-hidden\" data-version=\"6.7.18\">\n\t\t\t\t\t<sr7-adjuster><\/sr7-adjuster>\n\t\t\t\t\t<sr7-content>\n\t\t\t\t\t\t<sr7-slide id=\"SR7_15_1-51\" data-key=\"51\">\n\t\t\t\t\t\t\t<sr7-bg id=\"SR7_15_1-51-1\" class=\"sr7-layer\"><noscript><img decoding=\"async\" src=\"https:\/\/wirex.bedzin.pl\/wp-content\/uploads\/2024\/10\/ekologia01.jpg\" alt=\"\" title=\"ekologia01\"><\/noscript><\/sr7-bg>\n\t\t\t\t\t\t\t<sr7-txt id=\"SR7_15_1-51-0\" class=\"sr7-layer\">EKOLOGIA<\/sr7-txt>\n\t\t\t\t\t\t<\/sr7-slide>\n\t\t\t\t\t\t<sr7-slide id=\"SR7_15_1-52\" data-key=\"52\">\n\t\t\t\t\t\t<\/sr7-slide>\n\t\t\t\t\t<\/sr7-content>\n\t\t\t\t\t<image_lists style=\"display:none\">\n\t\t\t\t\t\t<img data-src=\"\/\/wirex.bedzin.pl\/wp-content\/uploads\/2024\/10\/ekologia01.jpg\" data-libid=\"17007\" data-lib=\"medialibrary\" title=\"ekologia01\" width=\"0\" height=\"0\" data-dbsrc=\"Ly93aXJleC5iZWR6aW4ucGwvd3AtY29udGVudC91cGxvYWRzLzIwMjQvMTAvZWtvbG9naWEwMS5qcGc=\"\/>\n\t\t\t\t\t<\/image_lists>\n\t\t\t\t<\/sr7-module>\n\t\t\t\t<script>\n\t\t\t\t\tSR7.PMH ??={}; SR7.PMH[\"SR7_15_1\"] = {cn:0,state:false,fn: function() { if (_tpt!==undefined && _tpt.prepareModuleHeight !== undefined) {  _tpt.prepareModuleHeight({id:\"SR7_15_1\",el:[180,180,180,180,80],type:'standard',shdw:'0',gh:[180,180,180,180,80],gw:[1240,1240,1240,1240,480],vpt:['100px&#039;,&#039;100px&#039;,&#039;100px&#039;,&#039;100px&#039;,&#039;100px'],size:{fullWidth:true, fullHeight:false},mh:'0',onh:0,onw:0,bg:{color:'{\"orig\":\"transparent\",\"type\":\"solid\",\"string\":\"transparent\"}'}});   SR7.PMH[\"SR7_15_1\"].state=true;} else if((SR7.PMH[\"SR7_15_1\"].cn++)<100)\tsetTimeout( SR7.PMH[\"SR7_15_1\"].fn,19);}};SR7.PMH[\"SR7_15_1\" ].fn();\n\t\t\t\t<\/script>\n[\/vc_column][\/vc_row][vc_row][vc_column][vc_column_text css=&#8221;&#8221;]Firma Wirex-Wszo\u0142a prowadzi szeroko zakrojon\u0105 dzia\u0142alno\u015b\u0107 pro-ekologiczn\u0105 w zakresie przyjmowania, sk\u0142adowania, przetwarzania oraz utylizacji odpad\u00f3w przemys\u0142owych, w tym g\u0142\u00f3wnie: odpady budowlane i pojazdy z\u0142omowane.<\/p>\n<p>Prowadzimy dzia\u0142alno\u015b\u0107 pro-ekologiczn\u0105\u00a0 w zakresie:<\/p>\n<ul>\n<li>Odbi\u00f3r i wyw\u00f3z odpad\u00f3w budowlanych, kamienia, \u017cu\u017clu, ziemi, gruzu.<\/li>\n<li>Punkt zbi\u00f3rki i odzysku odpad\u00f3w z budowy, remont\u00f3w i demonta\u017cu obiekt\u00f3w budowlanych infrastruktury drogowe<\/li>\n<li>Odzysku odpad\u00f3w innych ni\u017c niebezpieczne<\/li>\n<li>Recykling i utylizacj\u0119 dostarczanych odpad\u00f3w budowlanych a tak\u017ce materia\u0142\u00f3w pochodz\u0105cych z rozbi\u00f3rek w\u0142asnych<\/li>\n<li>Us\u0142ugowe przetwarzanie ( recykling ) odpad\u00f3w budowlanych<\/li>\n<li>Techniczna rekultywacja teren\u00f3w zdegradowanych<\/li>\n<\/ul>\n<p>Podstaw\u0105 dzia\u0142alno\u015bci firmy jest decyzja Marsza\u0142ka Wojew\u00f3dztwa \u015al\u0105skiego Nr 448\/OS\/2008<\/p>\n<p>&nbsp;<\/p>\n<p><strong>Decyzje do pobrania:<\/strong><\/p>\n<p><a href=\"https:\/\/wirex.bedzin.pl\/wp-content\/uploads\/2025\/03\/WSiL.6220.0003.2016-KRUSZENIE-29.11.2016.pdf\" target=\"_blank\" rel=\"noopener\">W\u015aiL.6220.0003.2016 kruszenie &#8211; 29.11.2016<\/a><br \/>\n<a href=\"https:\/\/wirex.bedzin.pl\/wp-content\/uploads\/2025\/01\/1.WSiL_.6233.0026.2013-08.05.2013.pdf\" target=\"_blank\" rel=\"noopener\">W\u015aiL.6233.0026.2013 &#8211; 08.05.2013<\/a><br \/>\n<a href=\"https:\/\/wirex.bedzin.pl\/wp-content\/uploads\/2025\/01\/2.WSiL_.6233.0055.2013-16.09.2013.pdf\" target=\"_blank\" rel=\"noopener\">W\u015aiL.6233.0055.2013 &#8211; 16.09.2013<\/a><br \/>\n<a href=\"https:\/\/wirex.bedzin.pl\/wp-content\/uploads\/2025\/01\/3.WSiL_.6233.0022.2014-07.04.2014.pdf\" target=\"_blank\" rel=\"noopener\">W\u015aiL.6233.0022.2014 &#8211; 07.04.2014<\/a><br \/>\n<a href=\"https:\/\/wirex.bedzin.pl\/wp-content\/uploads\/2025\/01\/4.WSiL_.6233.0089.2014-18.12.2014.pdf\" target=\"_blank\" rel=\"noopener\">W\u015aiL.6233.0089.2014 18.12.2014<\/a><br \/>\n<a href=\"https:\/\/wirex.bedzin.pl\/wp-content\/uploads\/2025\/01\/5.WSiL_.6233.0005.2016-16.02.2016.pdf\" target=\"_blank\" rel=\"noopener\">W\u015aiL.6233.0005.2016 16.02.2016<\/a><br \/>\n<a href=\"https:\/\/wirex.bedzin.pl\/wp-content\/uploads\/2025\/01\/6.decyzja-1196.OE_.2024-zmiana-adresata-zbieranie.pdf\" target=\"_blank\" rel=\"noopener\">decyzja 1196.OE.2024 zmiana adresata zbieranie<\/a><br \/>\n<a href=\"https:\/\/wirex.bedzin.pl\/wp-content\/uploads\/2025\/01\/7.decyzja-1197.OE_.2024-zmiana-adresata-pozwolenie-na-wytwarzanie-zezwolenie-na-przetwarzanie.pdf\" target=\"_blank\" rel=\"noopener\">decyzja 1197.OE.2024 zmiana adresata pozwolenie na wytwarzanie + zezwolenie na przetwarzanie<\/a><br \/>\n<a href=\"https:\/\/wirex.bedzin.pl\/wp-content\/uploads\/2025\/01\/8.pismo-przewodnie-wytw.-przetwarzanie-z-potw.-zlozenia-18.02.20.pdf\" target=\"_blank\" rel=\"noopener\">pismo przewodnie wytw., przetwarzanie z potw. z\u0142o\u017cenia 18.02.20<\/a><br \/>\n<a href=\"https:\/\/wirex.bedzin.pl\/wp-content\/uploads\/2025\/01\/9.pismo-przewodnie-zbieranie-z-potw.-zlozenia-18.02.20.pdf\" target=\"_blank\" rel=\"noopener\">pismo przewodnie zbieranie z potw. z\u0142o\u017cenia 18.02.20<\/a><\/p>\n<p><a href=\"https:\/\/wirex.bedzin.pl\/wp-content\/uploads\/2025\/03\/WIREX-Wszola-wszystkie_decyzje.zip\" target=\"_blank\" rel=\"noopener\"><img loading=\"lazy\" decoding=\"async\" class=\"alignnone wp-image-17302\" src=\"https:\/\/wirex.bedzin.pl\/wp-content\/uploads\/2025\/01\/pdf-ico.psd-243x300.png\" alt=\"\" width=\"50\" height=\"62\" srcset=\"https:\/\/wirex.bedzin.pl\/wp-content\/uploads\/2025\/01\/pdf-ico.psd-243x300.png 243w, https:\/\/wirex.bedzin.pl\/wp-content\/uploads\/2025\/01\/pdf-ico.psd.png 626w\" sizes=\"auto, (max-width: 50px) 100vw, 50px\" \/><\/a><br \/>\n<a href=\"https:\/\/wirex.bedzin.pl\/wp-content\/uploads\/2025\/03\/WIREX-Wszola-wszystkie_decyzje.zip\" target=\"_blank\" rel=\"noopener\">Pobierz wszystkie<\/a>[\/vc_column_text][\/vc_column][\/vc_row][vc_row][vc_column width=&#8221;1\/12&#8243;][vc_empty_space][\/vc_column][vc_column width=&#8221;10\/12&#8243;][vc_column_text css=&#8221;&#8221;]<\/p>\n<table width=\"734\">\n<tbody>\n<tr>\n<td colspan=\"4\" width=\"734\"><strong>Rodzaje odpad\u00f3w przewidziane do przetwarzania B\u0119dzin<\/strong><\/td>\n<\/tr>\n<tr>\n<td>Lp<\/td>\n<td>Kod Odpadu<\/td>\n<td width=\"496\">Rodzaj Odpadu<\/td>\n<td>Ilo\u015b\u0107 [Mg\/rok]<\/td>\n<\/tr>\n<tr>\n<td>1<\/td>\n<td>10 02 01<\/td>\n<td width=\"496\">\u017bu\u017cle z proces\u00f3w wytapiania (wielkopiecowe, stalownicze)<\/td>\n<td>10 000<\/td>\n<\/tr>\n<tr>\n<td>2<\/td>\n<td>10 05 01<\/td>\n<td width=\"496\">\u017bu\u017cle z produkcji pierwotnej i wt\u00f3rnej (z wy\u0142\u0105czeniem 10 05 80)<\/td>\n<td>68 000<\/td>\n<\/tr>\n<tr>\n<td>3<\/td>\n<td>10 09 03<\/td>\n<td width=\"496\">\u017bu\u017cle odlewnicze<\/td>\n<td>8 000<\/td>\n<\/tr>\n<tr>\n<td>4<\/td>\n<td>10 09 06<\/td>\n<td width=\"496\">Rdzenie i formy odlewnicze przed procesem odlewania inne ni\u017c wymienione w 10 09 05<\/td>\n<td>5 000<\/td>\n<\/tr>\n<tr>\n<td>5<\/td>\n<td>10 09 08<\/td>\n<td width=\"496\">Rdzenie i formy odlewnicze po procesie odlewania inne ni\u017c wymienione w 10 09 07<\/td>\n<td>8 000<\/td>\n<\/tr>\n<tr>\n<td>6<\/td>\n<td>10 10 03<\/td>\n<td width=\"496\">Zgary i \u017cu\u017cle odlewnicze<\/td>\n<td>8 000<\/td>\n<\/tr>\n<tr>\n<td>7<\/td>\n<td>10 10 06<\/td>\n<td width=\"496\">Rdzenie i formy odlewnicze przed procesem odlewania inne ni\u017c wymienione w 10 10 05<\/td>\n<td>5 000<\/td>\n<\/tr>\n<tr>\n<td>8<\/td>\n<td>10 10 08<\/td>\n<td width=\"496\">Rdzenie i formy odlewnicze po procesie odlewania inne ni\u017c wymienione w 10 10 07<\/td>\n<td>8 000<\/td>\n<\/tr>\n<tr>\n<td>9<\/td>\n<td>10 12 08<\/td>\n<td width=\"496\">Wybrakowane wyroby ceramiczne, ceg\u0142y, kafle i ceramika budowlana (po przer\u00f3bce termicznej)<\/td>\n<td>2 000<\/td>\n<\/tr>\n<tr>\n<td>10<\/td>\n<td>10 13 82<\/td>\n<td width=\"496\">Wybrakowane wyroby<\/td>\n<td>4 000<\/td>\n<\/tr>\n<tr>\n<td>11<\/td>\n<td>16 11 04<\/td>\n<td width=\"496\">Ok\u0142adziny piecowe i materia\u0142y ogniotrwa\u0142e z proces\u00f3w metalurgicznych inne ni\u017c wymienione w 16 11 03<\/td>\n<td>5 000<\/td>\n<\/tr>\n<tr>\n<td>12<\/td>\n<td>17 01 01<\/td>\n<td width=\"496\">Odpady betonu oraz gruz betonowy z rozbi\u00f3rek i remont\u00f3w<\/td>\n<td>50 000<\/td>\n<\/tr>\n<tr>\n<td>13<\/td>\n<td>17 01 02<\/td>\n<td width=\"496\">Gruz ceglany<\/td>\n<td>50 000<\/td>\n<\/tr>\n<tr>\n<td>14<\/td>\n<td>17 01 03<\/td>\n<td width=\"496\">Odpady innych materia\u0142\u00f3w ceramicznych i element\u00f3w wyposa\u017ceni<\/td>\n<td>1 000<\/td>\n<\/tr>\n<tr>\n<td>15<\/td>\n<td>17 01 07<\/td>\n<td width=\"496\">Zmieszane odpady z betonu, gruzu ceglanego, odpadowych materia\u0142\u00f3w ceramicznych i element\u00f3w wyposa\u017cenia inne ni\u017c wymienione w 17 01 06<\/td>\n<td>50 000<\/td>\n<\/tr>\n<tr>\n<td>16<\/td>\n<td>17 01 80<\/td>\n<td width=\"496\">Usuni\u0119te tynki, tapety, okleiny itp.<\/td>\n<td>1 000<\/td>\n<\/tr>\n<tr>\n<td>17<\/td>\n<td>17 01 81<\/td>\n<td width=\"496\">Odpady z remont\u00f3w i przebudowy dr\u00f3g<\/td>\n<td>50 000<\/td>\n<\/tr>\n<tr>\n<td>18<\/td>\n<td>17 01 82<\/td>\n<td width=\"496\">Inne niewymienione odpady<\/td>\n<td>50 000<\/td>\n<\/tr>\n<tr>\n<td>19<\/td>\n<td>17 03 02<\/td>\n<td width=\"496\">Mieszanki bitumiczne inne ni\u017c wymieniony w 17 03 01<\/td>\n<td>60 000<\/td>\n<\/tr>\n<tr>\n<td>20<\/td>\n<td>17 05 04<\/td>\n<td width=\"496\">Gleba i ziemia, w tym kamienie, inne ni\u017c wymienione w 17 05 03<\/td>\n<td>70 000<\/td>\n<\/tr>\n<tr>\n<td>21<\/td>\n<td>17 05 06<\/td>\n<td width=\"496\">Urobek z pog\u0142\u0119biania inny ni\u017c wymieniony w 17 05 05<\/td>\n<td>10 000<\/td>\n<\/tr>\n<tr>\n<td>22<\/td>\n<td>17 05 08<\/td>\n<td width=\"496\">T\u0142ucze\u0144 torowy (kruszywo) inny ni\u017c wymieniony w 17 05 07<\/td>\n<td>30 000<\/td>\n<\/tr>\n<tr>\n<td>23<\/td>\n<td>17 06 04<\/td>\n<td width=\"496\">Materia\u0142y izolacyjne inne ni\u017c wymienione w 17 06 01 i 17 06 03<\/td>\n<td>5 000<\/td>\n<\/tr>\n<tr>\n<td>24<\/td>\n<td>17 08 02<\/td>\n<td width=\"496\">Materia\u0142y konstrukcyjne zawieraj\u0105ce gips inne ni\u017c wymienione w 17 08 01<\/td>\n<td>5 000<\/td>\n<\/tr>\n<tr>\n<td>25<\/td>\n<td>17 09 04<\/td>\n<td width=\"496\">Zmieszane odpady z budowy, remont\u00f3w i demonta\u017cu inne ni\u017c wymienione w 17 09 01, 17 09 02 i 17 09 03<\/td>\n<td>20 000<\/td>\n<\/tr>\n<tr>\n<td>26<\/td>\n<td>19 01 12<\/td>\n<td width=\"496\">\u017bu\u017cle i popio\u0142y paleniskowe inne ni\u017c wymienione w 19 01 11<\/td>\n<td>30 000<\/td>\n<\/tr>\n<tr>\n<td>27<\/td>\n<td>19 12 09<\/td>\n<td>Minera\u0142y (np. piasek, kamienie)<\/td>\n<td>30 000<\/td>\n<\/tr>\n<\/tbody>\n<\/table>\n<p>[\/vc_column_text][\/vc_column][vc_column width=&#8221;1\/12&#8243;][\/vc_column][\/vc_row][vc_row][vc_column][\/vc_column][\/vc_row]<\/p>\n<\/div>","protected":false},"excerpt":{"rendered":"<p>[vc_row css=&#8221;.vc_custom_1729208080710{margin-top: -60px !important;margin-bottom: 50px !important;}&#8221;][vc_column][\/vc_column][\/vc_row][vc_row][vc_column][vc_column_text css=&#8221;&#8221;]Firma Wirex-Wszo\u0142a prowadzi szeroko zakrojon\u0105 dzia\u0142alno\u015b\u0107 pro-ekologiczn\u0105 w zakresie przyjmowania, sk\u0142adowania, przetwarzania oraz utylizacji odpad\u00f3w przemys\u0142owych, w tym g\u0142\u00f3wnie: odpady budowlane i pojazdy z\u0142omowane. Prowadzimy dzia\u0142alno\u015b\u0107 pro-ekologiczn\u0105\u00a0 w zakresie: Odbi\u00f3r i wyw\u00f3z odpad\u00f3w budowlanych, kamienia, \u017cu\u017clu, ziemi, gruzu. Punkt zbi\u00f3rki i odzysku odpad\u00f3w z budowy, remont\u00f3w i demonta\u017cu obiekt\u00f3w [&hellip;]<\/p>\n","protected":false},"author":1,"featured_media":0,"parent":0,"menu_order":0,"comment_status":"closed","ping_status":"closed","template":"","meta":{"inline_featured_image":false,"footnotes":""},"class_list":["post-16997","page","type-page","status-publish","hentry"],"yoast_head":"<!-- This site is optimized with the Yoast SEO Premium plugin v24.1 (Yoast SEO v24.1) - https:\/\/yoast.com\/wordpress\/plugins\/seo\/ -->\n<title>Ekologia - Wirex-Wszo\u0142a<\/title>\n<meta name=\"description\" content=\"Wirex-Wszo\u0142a prowadzi dzia\u0142alno\u015b\u0107 pro-ekologiczn\u0105 w zakresie przyjmowania, sk\u0142adowania, przetwarzania oraz utylizacji odpad\u00f3w przemys\u0142owych.\" \/>\n<meta name=\"robots\" content=\"index, follow, max-snippet:-1, max-image-preview:large, max-video-preview:-1\" \/>\n<link rel=\"canonical\" href=\"https:\/\/wirex.bedzin.pl\/?page_id=16997\" \/>\n<meta property=\"og:locale\" content=\"pl_PL\" \/>\n<meta property=\"og:type\" content=\"article\" \/>\n<meta property=\"og:title\" content=\"Ekologia\" \/>\n<meta property=\"og:description\" content=\"Wirex-Wszo\u0142a prowadzi dzia\u0142alno\u015b\u0107 pro-ekologiczn\u0105 w zakresie przyjmowania, sk\u0142adowania, przetwarzania oraz utylizacji odpad\u00f3w przemys\u0142owych.\" \/>\n<meta property=\"og:url\" content=\"https:\/\/wirex.bedzin.pl\/?page_id=16997\" \/>\n<meta property=\"og:site_name\" content=\"Wirex-Wszo\u0142a\" \/>\n<meta property=\"article:publisher\" content=\"https:\/\/www.facebook.com\/wirex.wirex.3\/\" \/>\n<meta property=\"article:modified_time\" content=\"2025-03-18T15:49:28+00:00\" \/>\n<meta property=\"og:image\" content=\"https:\/\/wirex.bedzin.pl\/wp-content\/uploads\/2025\/01\/pdf-ico.psd.png\" \/>\n\t<meta property=\"og:image:width\" content=\"626\" \/>\n\t<meta property=\"og:image:height\" content=\"772\" \/>\n\t<meta property=\"og:image:type\" content=\"image\/png\" \/>\n<meta name=\"twitter:card\" content=\"summary_large_image\" \/>\n<meta name=\"twitter:label1\" content=\"Szacowany czas czytania\" \/>\n\t<meta name=\"twitter:data1\" content=\"4 minuty\" \/>\n<script type=\"application\/ld+json\" class=\"yoast-schema-graph\">{\"@context\":\"https:\/\/schema.org\",\"@graph\":[{\"@type\":\"WebPage\",\"@id\":\"https:\/\/wirex.bedzin.pl\/?page_id=16997\",\"url\":\"https:\/\/wirex.bedzin.pl\/?page_id=16997\",\"name\":\"Ekologia - Wirex-Wszo\u0142a\",\"isPartOf\":{\"@id\":\"https:\/\/wirex.bedzin.pl\/#website\"},\"primaryImageOfPage\":{\"@id\":\"https:\/\/wirex.bedzin.pl\/?page_id=16997#primaryimage\"},\"image\":{\"@id\":\"https:\/\/wirex.bedzin.pl\/?page_id=16997#primaryimage\"},\"thumbnailUrl\":\"https:\/\/wirex.bedzin.pl\/wp-content\/uploads\/2025\/01\/pdf-ico.psd-243x300.png\",\"datePublished\":\"2025-02-18T00:31:06+00:00\",\"dateModified\":\"2025-03-18T15:49:28+00:00\",\"description\":\"Wirex-Wszo\u0142a prowadzi dzia\u0142alno\u015b\u0107 pro-ekologiczn\u0105 w zakresie przyjmowania, sk\u0142adowania, przetwarzania oraz utylizacji odpad\u00f3w przemys\u0142owych.\",\"breadcrumb\":{\"@id\":\"https:\/\/wirex.bedzin.pl\/?page_id=16997#breadcrumb\"},\"inLanguage\":\"pl-PL\",\"potentialAction\":[{\"@type\":\"ReadAction\",\"target\":[\"https:\/\/wirex.bedzin.pl\/?page_id=16997\"]}]},{\"@type\":\"ImageObject\",\"inLanguage\":\"pl-PL\",\"@id\":\"https:\/\/wirex.bedzin.pl\/?page_id=16997#primaryimage\",\"url\":\"https:\/\/wirex.bedzin.pl\/wp-content\/uploads\/2025\/01\/pdf-ico.psd.png\",\"contentUrl\":\"https:\/\/wirex.bedzin.pl\/wp-content\/uploads\/2025\/01\/pdf-ico.psd.png\",\"width\":626,\"height\":772},{\"@type\":\"BreadcrumbList\",\"@id\":\"https:\/\/wirex.bedzin.pl\/?page_id=16997#breadcrumb\",\"itemListElement\":[{\"@type\":\"ListItem\",\"position\":1,\"name\":\"Strona g\u0142\u00f3wna\",\"item\":\"https:\/\/wirex.bedzin.pl\/\"},{\"@type\":\"ListItem\",\"position\":2,\"name\":\"Ekologia\"}]},{\"@type\":\"WebSite\",\"@id\":\"https:\/\/wirex.bedzin.pl\/#website\",\"url\":\"https:\/\/wirex.bedzin.pl\/\",\"name\":\"Wirex-Wszo\u0142a\",\"description\":\"Z nami oszcz\u0119dzasz!\",\"publisher\":{\"@id\":\"https:\/\/wirex.bedzin.pl\/#organization\"},\"potentialAction\":[{\"@type\":\"SearchAction\",\"target\":{\"@type\":\"EntryPoint\",\"urlTemplate\":\"https:\/\/wirex.bedzin.pl\/?s={search_term_string}\"},\"query-input\":{\"@type\":\"PropertyValueSpecification\",\"valueRequired\":true,\"valueName\":\"search_term_string\"}}],\"inLanguage\":\"pl-PL\"},{\"@type\":\"Organization\",\"@id\":\"https:\/\/wirex.bedzin.pl\/#organization\",\"name\":\"Wirex-Wszo\u0142a\",\"url\":\"https:\/\/wirex.bedzin.pl\/\",\"logo\":{\"@type\":\"ImageObject\",\"inLanguage\":\"pl-PL\",\"@id\":\"https:\/\/wirex.bedzin.pl\/#\/schema\/logo\/image\/\",\"url\":\"https:\/\/wirex.bedzin.pl\/wp-content\/uploads\/2024\/10\/wirex-wszola-logo2.png\",\"contentUrl\":\"https:\/\/wirex.bedzin.pl\/wp-content\/uploads\/2024\/10\/wirex-wszola-logo2.png\",\"width\":737,\"height\":213,\"caption\":\"Wirex-Wszo\u0142a\"},\"image\":{\"@id\":\"https:\/\/wirex.bedzin.pl\/#\/schema\/logo\/image\/\"},\"sameAs\":[\"https:\/\/www.facebook.com\/wirex.wirex.3\/\"]}]}<\/script>\n<!-- \/ Yoast SEO Premium plugin. -->","yoast_head_json":{"title":"Ekologia - Wirex-Wszo\u0142a","description":"Wirex-Wszo\u0142a prowadzi dzia\u0142alno\u015b\u0107 pro-ekologiczn\u0105 w zakresie przyjmowania, sk\u0142adowania, przetwarzania oraz utylizacji odpad\u00f3w przemys\u0142owych.","robots":{"index":"index","follow":"follow","max-snippet":"max-snippet:-1","max-image-preview":"max-image-preview:large","max-video-preview":"max-video-preview:-1"},"canonical":"https:\/\/wirex.bedzin.pl\/?page_id=16997","og_locale":"pl_PL","og_type":"article","og_title":"Ekologia","og_description":"Wirex-Wszo\u0142a prowadzi dzia\u0142alno\u015b\u0107 pro-ekologiczn\u0105 w zakresie przyjmowania, sk\u0142adowania, przetwarzania oraz utylizacji odpad\u00f3w przemys\u0142owych.","og_url":"https:\/\/wirex.bedzin.pl\/?page_id=16997","og_site_name":"Wirex-Wszo\u0142a","article_publisher":"https:\/\/www.facebook.com\/wirex.wirex.3\/","article_modified_time":"2025-03-18T15:49:28+00:00","og_image":[{"width":626,"height":772,"url":"https:\/\/wirex.bedzin.pl\/wp-content\/uploads\/2025\/01\/pdf-ico.psd.png","type":"image\/png"}],"twitter_card":"summary_large_image","twitter_misc":{"Szacowany czas czytania":"4 minuty"},"schema":{"@context":"https:\/\/schema.org","@graph":[{"@type":"WebPage","@id":"https:\/\/wirex.bedzin.pl\/?page_id=16997","url":"https:\/\/wirex.bedzin.pl\/?page_id=16997","name":"Ekologia - Wirex-Wszo\u0142a","isPartOf":{"@id":"https:\/\/wirex.bedzin.pl\/#website"},"primaryImageOfPage":{"@id":"https:\/\/wirex.bedzin.pl\/?page_id=16997#primaryimage"},"image":{"@id":"https:\/\/wirex.bedzin.pl\/?page_id=16997#primaryimage"},"thumbnailUrl":"https:\/\/wirex.bedzin.pl\/wp-content\/uploads\/2025\/01\/pdf-ico.psd-243x300.png","datePublished":"2025-02-18T00:31:06+00:00","dateModified":"2025-03-18T15:49:28+00:00","description":"Wirex-Wszo\u0142a prowadzi dzia\u0142alno\u015b\u0107 pro-ekologiczn\u0105 w zakresie przyjmowania, sk\u0142adowania, przetwarzania oraz utylizacji odpad\u00f3w przemys\u0142owych.","breadcrumb":{"@id":"https:\/\/wirex.bedzin.pl\/?page_id=16997#breadcrumb"},"inLanguage":"pl-PL","potentialAction":[{"@type":"ReadAction","target":["https:\/\/wirex.bedzin.pl\/?page_id=16997"]}]},{"@type":"ImageObject","inLanguage":"pl-PL","@id":"https:\/\/wirex.bedzin.pl\/?page_id=16997#primaryimage","url":"https:\/\/wirex.bedzin.pl\/wp-content\/uploads\/2025\/01\/pdf-ico.psd.png","contentUrl":"https:\/\/wirex.bedzin.pl\/wp-content\/uploads\/2025\/01\/pdf-ico.psd.png","width":626,"height":772},{"@type":"BreadcrumbList","@id":"https:\/\/wirex.bedzin.pl\/?page_id=16997#breadcrumb","itemListElement":[{"@type":"ListItem","position":1,"name":"Strona g\u0142\u00f3wna","item":"https:\/\/wirex.bedzin.pl\/"},{"@type":"ListItem","position":2,"name":"Ekologia"}]},{"@type":"WebSite","@id":"https:\/\/wirex.bedzin.pl\/#website","url":"https:\/\/wirex.bedzin.pl\/","name":"Wirex-Wszo\u0142a","description":"Z nami oszcz\u0119dzasz!","publisher":{"@id":"https:\/\/wirex.bedzin.pl\/#organization"},"potentialAction":[{"@type":"SearchAction","target":{"@type":"EntryPoint","urlTemplate":"https:\/\/wirex.bedzin.pl\/?s={search_term_string}"},"query-input":{"@type":"PropertyValueSpecification","valueRequired":true,"valueName":"search_term_string"}}],"inLanguage":"pl-PL"},{"@type":"Organization","@id":"https:\/\/wirex.bedzin.pl\/#organization","name":"Wirex-Wszo\u0142a","url":"https:\/\/wirex.bedzin.pl\/","logo":{"@type":"ImageObject","inLanguage":"pl-PL","@id":"https:\/\/wirex.bedzin.pl\/#\/schema\/logo\/image\/","url":"https:\/\/wirex.bedzin.pl\/wp-content\/uploads\/2024\/10\/wirex-wszola-logo2.png","contentUrl":"https:\/\/wirex.bedzin.pl\/wp-content\/uploads\/2024\/10\/wirex-wszola-logo2.png","width":737,"height":213,"caption":"Wirex-Wszo\u0142a"},"image":{"@id":"https:\/\/wirex.bedzin.pl\/#\/schema\/logo\/image\/"},"sameAs":["https:\/\/www.facebook.com\/wirex.wirex.3\/"]}]}},"_links":{"self":[{"href":"https:\/\/wirex.bedzin.pl\/index.php?rest_route=\/wp\/v2\/pages\/16997","targetHints":{"allow":["GET"]}}],"collection":[{"href":"https:\/\/wirex.bedzin.pl\/index.php?rest_route=\/wp\/v2\/pages"}],"about":[{"href":"https:\/\/wirex.bedzin.pl\/index.php?rest_route=\/wp\/v2\/types\/page"}],"author":[{"embeddable":true,"href":"https:\/\/wirex.bedzin.pl\/index.php?rest_route=\/wp\/v2\/users\/1"}],"replies":[{"embeddable":true,"href":"https:\/\/wirex.bedzin.pl\/index.php?rest_route=%2Fwp%2Fv2%2Fcomments&post=16997"}],"version-history":[{"count":25,"href":"https:\/\/wirex.bedzin.pl\/index.php?rest_route=\/wp\/v2\/pages\/16997\/revisions"}],"predecessor-version":[{"id":17622,"href":"https:\/\/wirex.bedzin.pl\/index.php?rest_route=\/wp\/v2\/pages\/16997\/revisions\/17622"}],"wp:attachment":[{"href":"https:\/\/wirex.bedzin.pl\/index.php?rest_route=%2Fwp%2Fv2%2Fmedia&parent=16997"}],"curies":[{"name":"wp","href":"https:\/\/api.w.org\/{rel}","templated":true}]}}