{"id":15598,"date":"2025-02-18T09:34:28","date_gmt":"2025-02-18T08:34:28","guid":{"rendered":"https:\/\/wirex.b33.pl\/?page_id=15598"},"modified":"2025-03-06T22:27:14","modified_gmt":"2025-03-06T21:27:14","slug":"home","status":"publish","type":"page","link":"https:\/\/wirex.bedzin.pl\/","title":{"rendered":"Home"},"content":{"rendered":"<div class=\"wpb-content-wrapper\"><p>[vc_row disable_element=&#8221;yes&#8221; css=&#8221;.vc_custom_1739127580637{margin-top: 140px !important;margin-bottom: 60px !important;}&#8221;][vc_column css_animation=&#8221;fadeInUp&#8221; width=&#8221;1\/5&#8243;]\t<div class=\"ts-feature-wrapper  vertical-icon text-default\">\n\t\t\n\t\t<div class=\"feature-content\">\n\t\t\t\n\t\t\t\t\t\t<a style=\"color: #3251d1\" target=\"_self\" class=\"feature-icon\" href=\"https:\/\/wirex.bedzin.pl\/?page_id=17185\">\n\t\t\t\t<i class=\"fas fa-box\"><\/i>\n\t\t\t<\/a>\n\t\t\t\t\t\t\n\t\t\t<div class=\"feature-header\">\n\t\t\t\t\n\t\t\t\t\t\t\t\t<h4 class=\"feature-title heading-title entry-title\">\n\t\t\t\t\t<a target=\"_self\" href=\"https:\/\/wirex.bedzin.pl\/?page_id=17185\">Kontenery, worki BIG-BAG<\/a>\n\t\t\t\t<\/h4>\n\t\t\t\t\t\t\t\n\t\t\t\t\t\t\t\t<div class=\"feature-excerpt\">\n\t\t\t\t\twypo\u017cyczenie kontener\u00f3w na gruz i odpady budowlane w\u0142\u0105cznie z transportem we wskazane miejsce.\t\t\t\t<\/div>\n\t\t\t\t\t\t\t\t\t\n\t\t\t<\/div>\n\t\t<\/div>\n\t<\/div>\n\t[\/vc_column][vc_column css_animation=&#8221;bottom-to-top&#8221; width=&#8221;1\/5&#8243;]\t<div class=\"ts-feature-wrapper  vertical-icon text-default\">\n\t\t\n\t\t<div class=\"feature-content\">\n\t\t\t\n\t\t\t\t\t\t<a style=\"color: #7c6d51\" target=\"_self\" class=\"feature-icon\" href=\"https:\/\/wirex.bedzin.pl\/?page_id=17209\">\n\t\t\t\t<i class=\"fas fa-industry\"><\/i>\n\t\t\t<\/a>\n\t\t\t\t\t\t\n\t\t\t<div class=\"feature-header\">\n\t\t\t\t\n\t\t\t\t\t\t\t\t<h4 class=\"feature-title heading-title entry-title\">\n\t\t\t\t\t<a target=\"_self\" href=\"https:\/\/wirex.bedzin.pl\/?page_id=17209\">Wyroby hutnicze<\/a>\n\t\t\t\t<\/h4>\n\t\t\t\t\t\t\t\n\t\t\t\t\t\t\t\t<div class=\"feature-excerpt\">\n\t\t\t\t\tProwadzimy sprzeda\u017c wyrob\u00f3w ze stali - odwied\u017a nasz sklep\t\t\t\t<\/div>\n\t\t\t\t\t\t\t\t\t\n\t\t\t<\/div>\n\t\t<\/div>\n\t<\/div>\n\t[\/vc_column][vc_column css_animation=&#8221;fadeIn&#8221; width=&#8221;1\/5&#8243;]\t<div class=\"ts-feature-wrapper  vertical-icon text-default\">\n\t\t\n\t\t<div class=\"feature-content\">\n\t\t\t\n\t\t\t\t\t\t<a style=\"color: #dd8500\" target=\"_self\" class=\"feature-icon\" href=\"https:\/\/wirex.bedzin.pl\/?page_id=17229\">\n\t\t\t\t<i class=\"fas fa-braille\"><\/i>\n\t\t\t<\/a>\n\t\t\t\t\t\t\n\t\t\t<div class=\"feature-header\">\n\t\t\t\t\n\t\t\t\t\t\t\t\t<h4 class=\"feature-title heading-title entry-title\">\n\t\t\t\t\t<a target=\"_self\" href=\"https:\/\/wirex.bedzin.pl\/?page_id=17229\">Kruszywa<\/a>\n\t\t\t\t<\/h4>\n\t\t\t\t\t\t\t\n\t\t\t\t\t\t\t\t<div class=\"feature-excerpt\">\n\t\t\t\t\tbudowlane i drogowe z recyklingu oraz kruszywa naturalne.\t\t\t\t<\/div>\n\t\t\t\t\t\t\t\t\t\n\t\t\t<\/div>\n\t\t<\/div>\n\t<\/div>\n\t[\/vc_column][vc_column css_animation=&#8221;top-to-bottom&#8221; width=&#8221;1\/5&#8243;]\t<div class=\"ts-feature-wrapper  vertical-icon text-default\">\n\t\t\n\t\t<div class=\"feature-content\">\n\t\t\t\n\t\t\t\t\t\t<a style=\"color: #934f22\" target=\"_self\" class=\"feature-icon\" href=\"https:\/\/wirex.bedzin.pl\/?page_id=17246\">\n\t\t\t\t<i class=\"fas fa-download\"><\/i>\n\t\t\t<\/a>\n\t\t\t\t\t\t\n\t\t\t<div class=\"feature-header\">\n\t\t\t\t\n\t\t\t\t\t\t\t\t<h4 class=\"feature-title heading-title entry-title\">\n\t\t\t\t\t<a target=\"_self\" href=\"https:\/\/wirex.bedzin.pl\/?page_id=17246\">Wyburzenia, rozbi\u00f3rki<\/a>\n\t\t\t\t<\/h4>\n\t\t\t\t\t\t\t\n\t\t\t\t\t\t\t\t<div class=\"feature-excerpt\">\n\t\t\t\t\tmechaniczne wyburzanie obiekt\u00f3w budowlanych, mechaniczne rozbi\u00f3rki konstrukcji stalowych i element\u00f3w mieszanych.\t\t\t\t<\/div>\n\t\t\t\t\t\t\t\t\t\n\t\t\t<\/div>\n\t\t<\/div>\n\t<\/div>\n\t[\/vc_column][vc_column width=&#8221;1\/5&#8243;]\t<div class=\"ts-feature-wrapper  vertical-icon text-default\">\n\t\t\n\t\t<div class=\"feature-content\">\n\t\t\t\n\t\t\t\t\t\t<a style=\"color: #31a033\" target=\"_self\" class=\"feature-icon\" href=\"https:\/\/wirex.bedzin.pl\/?page_id=17253\">\n\t\t\t\t<i class=\"fas fa-recycle\"><\/i>\n\t\t\t<\/a>\n\t\t\t\t\t\t\n\t\t\t<div class=\"feature-header\">\n\t\t\t\t\n\t\t\t\t\t\t\t\t<h4 class=\"feature-title heading-title entry-title\">\n\t\t\t\t\t<a target=\"_self\" href=\"https:\/\/wirex.bedzin.pl\/?page_id=17253\">Utylizacja i recykling odpad\u00f3w<\/a>\n\t\t\t\t<\/h4>\n\t\t\t\t\t\t\t\n\t\t\t\t\t\t\t\t<div class=\"feature-excerpt\">\n\t\t\t\t\trecykling i utylizacja asfaltu, gruzu, betonu, ceg\u0142y, odpady z remontu, przebudowy dr\u00f3g, gleba, t\u0142ucze\u0144 torowy.\t\t\t\t<\/div>\n\t\t\t\t\t\t\t\t\t\n\t\t\t<\/div>\n\t\t<\/div>\n\t<\/div>\n\t[\/vc_column][\/vc_row][vc_row full_width=&#8221;stretch_row_content_no_spaces&#8221; disable_element=&#8221;yes&#8221; css=&#8221;.vc_custom_1739127808871{margin-bottom: 50px !important;}&#8221;][vc_column css_animation=&#8221;none&#8221;]\t<div class=\"ts-banner ts-effect-image style-text-center eff-image-shadow center-bottom ts-banner-1 discount-grow has-background-image has-discount\">\n\t\t<div class=\"ts-shortcode-custom-style hidden\">.ts-banner-1:hover .overlay{background-color:#ffffff}.ts-banner-1 .banner-wrapper h2{color:#202020}.ts-banner-1 .banner-wrapper h6{color:#202020}.ts-banner-1 .banner-wrapper .description{color:#848484}.ts-banner-1 .banner-wrapper .discount{color:#edd5d6}.ts-banner-1 .banner-wrapper{background-color:#f6f6f8}.ts-banner-1:hover .bg-content:before{box-shadow: inset 0 0 0 15px #ffffff}<\/div>\t\t\n\t\t<div class=\"banner-wrapper\">\n\t\t\n\t\t\t\t\t\t\t\n\t\t\t<div class=\"banner-bg \">\n\t\t\t\t<div class=\"bg-content\">\t\t\t\t\n\t\t\t\t<img loading=\"lazy\" decoding=\"async\" width=\"1920\" height=\"770\" src=\"https:\/\/wirex.bedzin.pl\/wp-content\/uploads\/2024\/10\/kontener-baner.jpg\" class=\"img\" alt=\"\" srcset=\"https:\/\/wirex.bedzin.pl\/wp-content\/uploads\/2024\/10\/kontener-baner.jpg 1920w, https:\/\/wirex.bedzin.pl\/wp-content\/uploads\/2024\/10\/kontener-baner-300x120.jpg 300w, https:\/\/wirex.bedzin.pl\/wp-content\/uploads\/2024\/10\/kontener-baner-1024x411.jpg 1024w, https:\/\/wirex.bedzin.pl\/wp-content\/uploads\/2024\/10\/kontener-baner-768x308.jpg 768w, https:\/\/wirex.bedzin.pl\/wp-content\/uploads\/2024\/10\/kontener-baner-1536x616.jpg 1536w\" sizes=\"auto, (max-width: 1920px) 100vw, 1920px\" \/>\t\t\t\n\t\t\t\t<\/div>\n\t\t\t\t\n\t\t\t\t<span class=\"overlay\"><\/span>\n\t\t\t<\/div>\n\t\t\t\t\t\t\n\t\t\t<div class=\"box-content\">\n\t\t\t\t<header>\n\t\t\t\t\t\t\t\t\t\n\t\t\t\t\t\t<div class=\"discount\">POTWIERD\u0179 TERMINY<\/div>\n\t\t\t\t\t\t\t\t\t\t\n\t\t\t\t\t\t\t\t\t\n\t\t\t\t\t\t<h6>UTYLIZACJA ODPAD\u00d3W<\/h6>\n\t\t\t\t\t\t\t\t\t\t\n\t\t\t\t\t\t\t\t\t\t\t<h2 class=\"h1\">ZAM\u00d3W KONTENER<br \/>\n603 973 415<\/h2>\n\t\t\t\t\t\t\t\t\t\t\n\t\t\t\t\t\t\t\t\t\t\t\t\t\n\t\t\t\t\t\t\t\t\t\t\t<div class=\"ts-banner-button\">\n\t\t\t\t\t\t\t<a title=\"Przejd\u017a do formularza\" target=\"_self\" href=\"https:\/\/wirex.bedzin.pl\/?page_id=17010\">ZAM\u00d3W<\/a>\n\t\t\t\t\t\t<\/div>\n\t\t\t\t\t\t\t\t\t<\/header>\n\t\t\t<\/div>\n\t\t\t\n\t\t\t\t\t\t\n\t\t<\/div>\n\t<\/div>\n\t[\/vc_column][\/vc_row][vc_row][vc_column offset=&#8221;vc_hidden-md vc_hidden-sm vc_hidden-xs&#8221;][vc_empty_space height=&#8221;40px&#8221;][\/vc_column][\/vc_row][vc_row css=&#8221;.vc_custom_1592474362019{margin-bottom: 50px !important;}&#8221;][vc_column css_animation=&#8221;none&#8221;]\t\t<div class=\"ts-testimonial-wrapper ts-shortcode dots-horizontal text-default  ts-slider show-dots\" data-nav=\"0\" data-dots=\"1\" data-autoplay=\"1\">\n\t\n\t\t\t<div class=\"items loading\">\n\t\t\t\t\t\t\t<div class=\"item\">\n\t\t\t\t\t<blockquote class=\"style-2\">\n\n\t\t\t\t\t\t<div class=\"content\">\n\t\t\t\t\t\t\tFirma Wirex-Wszo\u0142a prowadzi szeroko zakrojon\u0105 dzia\u0142alno\u015b\u0107 pro-ekologiczn\u0105 w zakresie przyjmowania, sk\u0142adowania, przetwarzania oraz utylizacji odpad\u00f3w przemys\u0142owych, w tym g\u0142\u00f3wnie: odpady budowlane i pojazdy z\u0142omowane. Realizujemy kasacj\u0119 i z\u0142omowanie samochod\u00f3w. Zabezpieczamy i rekultywujemy sk\u0142adowiska odpad\u00f3w budowlanych.\t\t\t\t\t\t<\/div>\n\t\t\t\t\t\t\n\t\t\t\t\t\t<div class=\"author-role\">\n\t\t\t\t\t\t\n\t\t\t\t\t\t\t\t\t\t\t\t\t\t\n\t\t\t\t\t\t\t\t\t\t\t\t\t\t<span class=\"author\">\n\t\t\t\t\t\t\t\t<a href=\"#\" target=\"_blank\">WIREX-WSZO\u0141A<\/a>\n\t\t\t\t\t\t\t<\/span>\n\t\t\t\t\t\t\t\t\t\t\t\t\t\t\n\t\t\t\t\t\t\t\t\t\t\t\t\t\t<span class=\"role\">wirex@wirex.bedzin.pl<\/span>\n\t\t\t\t\t\t\t\t\t\t\t\t\t\t\n\t\t\t\t\t\t\t\t\t\t\t\t\t<\/div>\n\t\t\t\t\t\n\t\t\t\t\t<\/blockquote>\n\t\t\t\t<\/div>\n\t\t\t\t\t\t\t\t<div class=\"item\">\n\t\t\t\t\t<blockquote class=\"style-2\">\n\n\t\t\t\t\t\t<div class=\"content\">\n\t\t\t\t\t\t\tProwadzimy dzia\u0142alno\u015b\u0107 pro-ekologiczn\u0105 w zakresie odbioru i wywozu odpad\u00f3w budowlanych, kamienia, \u017cu\u017clu, ziemi, gruzu. Prowadzimy punkt zbi\u00f3rki i odzysku odpad\u00f3w z budowy, remont\u00f3w i demonta\u017cu obiekt\u00f3w budowlanych oraz infrastruktury drogowej. Odzyskujemy odpady inne ni\u017c niebezpieczne, oferujemy recykling i utylizacj\u0119.\t\t\t\t\t\t<\/div>\n\t\t\t\t\t\t\n\t\t\t\t\t\t<div class=\"author-role\">\n\t\t\t\t\t\t\n\t\t\t\t\t\t\t\t\t\t\t\t\t\t\n\t\t\t\t\t\t\t\t\t\t\t\t\t\t<span class=\"author\">\n\t\t\t\t\t\t\t\t<a href=\"#\" target=\"_blank\">WIREX-WSZO\u0141A<\/a>\n\t\t\t\t\t\t\t<\/span>\n\t\t\t\t\t\t\t\t\t\t\t\t\t\t\n\t\t\t\t\t\t\t\t\t\t\t\t\t\t<span class=\"role\">+48 32 267 57 14<\/span>\n\t\t\t\t\t\t\t\t\t\t\t\t\t\t\n\t\t\t\t\t\t\t\t\t\t\t\t\t<\/div>\n\t\t\t\t\t\n\t\t\t\t\t<\/blockquote>\n\t\t\t\t<\/div>\n\t\t\t\t\t\t\t<\/div>\n\t\t<\/div>\n\t\t[\/vc_column][\/vc_row][vc_row][vc_column offset=&#8221;vc_hidden-md vc_hidden-sm vc_hidden-xs&#8221;][vc_empty_space height=&#8221;20px&#8221;][\/vc_column][\/vc_row][vc_row][vc_column offset=&#8221;vc_hidden-md vc_hidden-sm vc_hidden-xs&#8221;][vc_empty_space height=&#8221;20px&#8221;][\/vc_column][\/vc_row][vc_row][vc_column][\/vc_column][\/vc_row]<\/p>\n<\/div>","protected":false},"excerpt":{"rendered":"<p>[vc_row disable_element=&#8221;yes&#8221; css=&#8221;.vc_custom_1739127580637{margin-top: 140px !important;margin-bottom: 60px !important;}&#8221;][vc_column css_animation=&#8221;fadeInUp&#8221; width=&#8221;1\/5&#8243;][\/vc_column][vc_column css_animation=&#8221;bottom-to-top&#8221; width=&#8221;1\/5&#8243;][\/vc_column][vc_column css_animation=&#8221;fadeIn&#8221; width=&#8221;1\/5&#8243;][\/vc_column][vc_column css_animation=&#8221;top-to-bottom&#8221; width=&#8221;1\/5&#8243;][\/vc_column][vc_column width=&#8221;1\/5&#8243;][\/vc_column][\/vc_row][vc_row full_width=&#8221;stretch_row_content_no_spaces&#8221; disable_element=&#8221;yes&#8221; css=&#8221;.vc_custom_1739127808871{margin-bottom: 50px !important;}&#8221;][vc_column css_animation=&#8221;none&#8221;][\/vc_column][\/vc_row][vc_row][vc_column offset=&#8221;vc_hidden-md vc_hidden-sm vc_hidden-xs&#8221;][vc_empty_space height=&#8221;40px&#8221;][\/vc_column][\/vc_row][vc_row css=&#8221;.vc_custom_1592474362019{margin-bottom: 50px !important;}&#8221;][vc_column css_animation=&#8221;none&#8221;][\/vc_column][\/vc_row][vc_row][vc_column offset=&#8221;vc_hidden-md vc_hidden-sm vc_hidden-xs&#8221;][vc_empty_space height=&#8221;20px&#8221;][\/vc_column][\/vc_row][vc_row][vc_column offset=&#8221;vc_hidden-md vc_hidden-sm vc_hidden-xs&#8221;][vc_empty_space height=&#8221;20px&#8221;][\/vc_column][\/vc_row][vc_row][vc_column][\/vc_column][\/vc_row]<\/p>\n","protected":false},"author":1,"featured_media":0,"parent":0,"menu_order":0,"comment_status":"closed","ping_status":"closed","template":"","meta":{"inline_featured_image":false,"footnotes":""},"class_list":["post-15598","page","type-page","status-publish","hentry"],"yoast_head":"<!-- This site is optimized with the Yoast SEO Premium plugin v24.1 (Yoast SEO v24.1) - https:\/\/yoast.com\/wordpress\/plugins\/seo\/ -->\n<title>Home - Wirex-Wszo\u0142a<\/title>\n<meta name=\"description\" content=\"Kontenery i worki BIG-BAG, wyroby hutnicze, kruszywa, wyburzenia i rozbi\u00f3rki, recykling odpad\u00f3w: Email: wirex@wirex.bedzin.pl, Tel: 603973415\" \/>\n<meta name=\"robots\" content=\"index, follow, max-snippet:-1, max-image-preview:large, max-video-preview:-1\" \/>\n<link rel=\"canonical\" href=\"https:\/\/wirex.bedzin.pl\/\" \/>\n<meta property=\"og:locale\" content=\"pl_PL\" \/>\n<meta property=\"og:type\" content=\"article\" \/>\n<meta property=\"og:title\" content=\"Home\" \/>\n<meta property=\"og:description\" content=\"Kontenery i worki BIG-BAG, wyroby hutnicze, kruszywa, wyburzenia i rozbi\u00f3rki, recykling odpad\u00f3w: Email: wirex@wirex.bedzin.pl, Tel: 603973415\" \/>\n<meta property=\"og:url\" content=\"https:\/\/wirex.bedzin.pl\/\" \/>\n<meta property=\"og:site_name\" content=\"Wirex-Wszo\u0142a\" \/>\n<meta property=\"article:publisher\" content=\"https:\/\/www.facebook.com\/wirex.wirex.3\/\" \/>\n<meta property=\"article:modified_time\" content=\"2025-03-06T21:27:14+00:00\" \/>\n<meta name=\"twitter:card\" content=\"summary_large_image\" \/>\n<meta name=\"twitter:label1\" content=\"Szacowany czas czytania\" \/>\n\t<meta name=\"twitter:data1\" content=\"1 minuta\" \/>\n<script type=\"application\/ld+json\" class=\"yoast-schema-graph\">{\"@context\":\"https:\/\/schema.org\",\"@graph\":[{\"@type\":\"WebPage\",\"@id\":\"https:\/\/wirex.bedzin.pl\/\",\"url\":\"https:\/\/wirex.bedzin.pl\/\",\"name\":\"Home - Wirex-Wszo\u0142a\",\"isPartOf\":{\"@id\":\"https:\/\/wirex.bedzin.pl\/#website\"},\"datePublished\":\"2025-02-18T08:34:28+00:00\",\"dateModified\":\"2025-03-06T21:27:14+00:00\",\"description\":\"Kontenery i worki BIG-BAG, wyroby hutnicze, kruszywa, wyburzenia i rozbi\u00f3rki, recykling odpad\u00f3w: Email: wirex@wirex.bedzin.pl, Tel: 603973415\",\"breadcrumb\":{\"@id\":\"https:\/\/wirex.bedzin.pl\/#breadcrumb\"},\"inLanguage\":\"pl-PL\",\"potentialAction\":[{\"@type\":\"ReadAction\",\"target\":[\"https:\/\/wirex.bedzin.pl\/\"]}]},{\"@type\":\"BreadcrumbList\",\"@id\":\"https:\/\/wirex.bedzin.pl\/#breadcrumb\",\"itemListElement\":[{\"@type\":\"ListItem\",\"position\":1,\"name\":\"Strona g\u0142\u00f3wna\",\"item\":\"https:\/\/wirex.bedzin.pl\/\"},{\"@type\":\"ListItem\",\"position\":2,\"name\":\"Home\"}]},{\"@type\":\"WebSite\",\"@id\":\"https:\/\/wirex.bedzin.pl\/#website\",\"url\":\"https:\/\/wirex.bedzin.pl\/\",\"name\":\"Wirex-Wszo\u0142a\",\"description\":\"Z nami oszcz\u0119dzasz!\",\"publisher\":{\"@id\":\"https:\/\/wirex.bedzin.pl\/#organization\"},\"potentialAction\":[{\"@type\":\"SearchAction\",\"target\":{\"@type\":\"EntryPoint\",\"urlTemplate\":\"https:\/\/wirex.bedzin.pl\/?s={search_term_string}\"},\"query-input\":{\"@type\":\"PropertyValueSpecification\",\"valueRequired\":true,\"valueName\":\"search_term_string\"}}],\"inLanguage\":\"pl-PL\"},{\"@type\":\"Organization\",\"@id\":\"https:\/\/wirex.bedzin.pl\/#organization\",\"name\":\"Wirex-Wszo\u0142a\",\"url\":\"https:\/\/wirex.bedzin.pl\/\",\"logo\":{\"@type\":\"ImageObject\",\"inLanguage\":\"pl-PL\",\"@id\":\"https:\/\/wirex.bedzin.pl\/#\/schema\/logo\/image\/\",\"url\":\"https:\/\/wirex.bedzin.pl\/wp-content\/uploads\/2024\/10\/wirex-wszola-logo2.png\",\"contentUrl\":\"https:\/\/wirex.bedzin.pl\/wp-content\/uploads\/2024\/10\/wirex-wszola-logo2.png\",\"width\":737,\"height\":213,\"caption\":\"Wirex-Wszo\u0142a\"},\"image\":{\"@id\":\"https:\/\/wirex.bedzin.pl\/#\/schema\/logo\/image\/\"},\"sameAs\":[\"https:\/\/www.facebook.com\/wirex.wirex.3\/\"]}]}<\/script>\n<!-- \/ Yoast SEO Premium plugin. -->","yoast_head_json":{"title":"Home - Wirex-Wszo\u0142a","description":"Kontenery i worki BIG-BAG, wyroby hutnicze, kruszywa, wyburzenia i rozbi\u00f3rki, recykling odpad\u00f3w: Email: wirex@wirex.bedzin.pl, Tel: 603973415","robots":{"index":"index","follow":"follow","max-snippet":"max-snippet:-1","max-image-preview":"max-image-preview:large","max-video-preview":"max-video-preview:-1"},"canonical":"https:\/\/wirex.bedzin.pl\/","og_locale":"pl_PL","og_type":"article","og_title":"Home","og_description":"Kontenery i worki BIG-BAG, wyroby hutnicze, kruszywa, wyburzenia i rozbi\u00f3rki, recykling odpad\u00f3w: Email: wirex@wirex.bedzin.pl, Tel: 603973415","og_url":"https:\/\/wirex.bedzin.pl\/","og_site_name":"Wirex-Wszo\u0142a","article_publisher":"https:\/\/www.facebook.com\/wirex.wirex.3\/","article_modified_time":"2025-03-06T21:27:14+00:00","twitter_card":"summary_large_image","twitter_misc":{"Szacowany czas czytania":"1 minuta"},"schema":{"@context":"https:\/\/schema.org","@graph":[{"@type":"WebPage","@id":"https:\/\/wirex.bedzin.pl\/","url":"https:\/\/wirex.bedzin.pl\/","name":"Home - Wirex-Wszo\u0142a","isPartOf":{"@id":"https:\/\/wirex.bedzin.pl\/#website"},"datePublished":"2025-02-18T08:34:28+00:00","dateModified":"2025-03-06T21:27:14+00:00","description":"Kontenery i worki BIG-BAG, wyroby hutnicze, kruszywa, wyburzenia i rozbi\u00f3rki, recykling odpad\u00f3w: Email: wirex@wirex.bedzin.pl, Tel: 603973415","breadcrumb":{"@id":"https:\/\/wirex.bedzin.pl\/#breadcrumb"},"inLanguage":"pl-PL","potentialAction":[{"@type":"ReadAction","target":["https:\/\/wirex.bedzin.pl\/"]}]},{"@type":"BreadcrumbList","@id":"https:\/\/wirex.bedzin.pl\/#breadcrumb","itemListElement":[{"@type":"ListItem","position":1,"name":"Strona g\u0142\u00f3wna","item":"https:\/\/wirex.bedzin.pl\/"},{"@type":"ListItem","position":2,"name":"Home"}]},{"@type":"WebSite","@id":"https:\/\/wirex.bedzin.pl\/#website","url":"https:\/\/wirex.bedzin.pl\/","name":"Wirex-Wszo\u0142a","description":"Z nami oszcz\u0119dzasz!","publisher":{"@id":"https:\/\/wirex.bedzin.pl\/#organization"},"potentialAction":[{"@type":"SearchAction","target":{"@type":"EntryPoint","urlTemplate":"https:\/\/wirex.bedzin.pl\/?s={search_term_string}"},"query-input":{"@type":"PropertyValueSpecification","valueRequired":true,"valueName":"search_term_string"}}],"inLanguage":"pl-PL"},{"@type":"Organization","@id":"https:\/\/wirex.bedzin.pl\/#organization","name":"Wirex-Wszo\u0142a","url":"https:\/\/wirex.bedzin.pl\/","logo":{"@type":"ImageObject","inLanguage":"pl-PL","@id":"https:\/\/wirex.bedzin.pl\/#\/schema\/logo\/image\/","url":"https:\/\/wirex.bedzin.pl\/wp-content\/uploads\/2024\/10\/wirex-wszola-logo2.png","contentUrl":"https:\/\/wirex.bedzin.pl\/wp-content\/uploads\/2024\/10\/wirex-wszola-logo2.png","width":737,"height":213,"caption":"Wirex-Wszo\u0142a"},"image":{"@id":"https:\/\/wirex.bedzin.pl\/#\/schema\/logo\/image\/"},"sameAs":["https:\/\/www.facebook.com\/wirex.wirex.3\/"]}]}},"_links":{"self":[{"href":"https:\/\/wirex.bedzin.pl\/index.php?rest_route=\/wp\/v2\/pages\/15598","targetHints":{"allow":["GET"]}}],"collection":[{"href":"https:\/\/wirex.bedzin.pl\/index.php?rest_route=\/wp\/v2\/pages"}],"about":[{"href":"https:\/\/wirex.bedzin.pl\/index.php?rest_route=\/wp\/v2\/types\/page"}],"author":[{"embeddable":true,"href":"https:\/\/wirex.bedzin.pl\/index.php?rest_route=\/wp\/v2\/users\/1"}],"replies":[{"embeddable":true,"href":"https:\/\/wirex.bedzin.pl\/index.php?rest_route=%2Fwp%2Fv2%2Fcomments&post=15598"}],"version-history":[{"count":74,"href":"https:\/\/wirex.bedzin.pl\/index.php?rest_route=\/wp\/v2\/pages\/15598\/revisions"}],"predecessor-version":[{"id":17596,"href":"https:\/\/wirex.bedzin.pl\/index.php?rest_route=\/wp\/v2\/pages\/15598\/revisions\/17596"}],"wp:attachment":[{"href":"https:\/\/wirex.bedzin.pl\/index.php?rest_route=%2Fwp%2Fv2%2Fmedia&parent=15598"}],"curies":[{"name":"wp","href":"https:\/\/api.w.org\/{rel}","templated":true}]}}